{"id":1632,"date":"2017-07-06T13:47:13","date_gmt":"2017-07-06T12:47:13","guid":{"rendered":"https:\/\/www.procurafrica.com\/pt-pt\/?page_id=1632"},"modified":"2021-11-22T18:21:24","modified_gmt":"2021-11-22T17:21:24","slug":"home","status":"publish","type":"page","link":"https:\/\/www.procurafrica.com\/center\/pt-pt\/","title":{"rendered":"Home"},"content":{"rendered":"<p>[vc_row width_100=&#8221;yes&#8221; parallax_speed=&#8221;5&#8243; parallax_x=&#8221;0&#8243; parallax_y=&#8221;0&#8243; el_class=&#8221;mobile_no_margin_bot&#8221;][vc_column][rev_slider_vc alias=&#8221;home&#8221;][\/vc_column][\/vc_row][vc_row parallax_speed=&#8221;5&#8243; parallax_x=&#8221;0&#8243; parallax_y=&#8221;0&#8243; css=&#8221;.vc_custom_1447235486274{background-color: #ffffff !important;}&#8221;][vc_column][vc_empty_space][vc_column_text el_class=&#8221;titre-h1&#8243;]<\/p>\n<h1 style=\"text-align: center;\"><strong>Central de compras para o continente Africano<\/strong><br \/>\nProcurafrica : Construindo a ind\u00fastria em \u00c1frica<\/h1>\n<p>[\/vc_column_text][vc_empty_space][vc_column_text]<\/p>\n<p><span class=\"red\">Procurafrica<sup>\u00ae<\/sup><\/span> \u00e9 <strong>uma central de compras que tem por objetivo fornecer material industrial e agr\u00edcola de qualidade aos nossos parceiros em \u00c1frica<\/strong>. Al\u00e9m da qualidade reconhecida de nossos produtos, nossa pol\u00edtica de compras conjuntas nos permite oferecer pre\u00e7os que desafiam qualquer concorr\u00eancia.<\/p>\n<p>[\/vc_column_text][vc_empty_space height=&#8221;10px&#8221;][vc_column_text css=&#8221;.vc_custom_1499762709430{padding-top: 10px !important;padding-right: 10px !important;padding-bottom: 10px !important;padding-left: 10px !important;background-color: #f6f6f6 !important;}&#8221; el_class=&#8221;arrondi&#8221;]<\/p>\n<p style=\"text-align: center;\">Nesses 15 anos, os valores \u00e9ticos e de respeito defendidos pela <span class=\"red\">Procurafrica<sup>\u00ae<\/sup><\/span> nos proporcionaram colaborar com in\u00fameras empresas em mais de 20 pa\u00edses africanos. <a href=\"https:\/\/www.procurafrica.com\/center\/pt-pt\/area-de-atividade\/\">Encontre aqui a lista de pa\u00edses com os quais <span class=\"red\">Procurafrica<\/span> j\u00e1 trabalha.<\/a>.<\/p>\n<p>[\/vc_column_text][vc_empty_space height=&#8221;10px&#8221;][vc_column_text]<\/p>\n<p><span class=\"red\">Procurafrica<sup>\u00ae<\/sup><\/span> beneficia-se de uma presen\u00e7a internacional que permite-nos estar mais perto dos fornecedores e assegurar as melhores oportunidades para nossos clientes.<\/p>\n<p>[\/vc_column_text][vc_row_inner][vc_column_inner width=&#8221;1\/2&#8243;][vc_column_text]<\/p>\n<h2>Compras conjuntas<br \/>\na servi\u00e7o de sua empresa<\/h2>\n<p>[\/vc_column_text][vc_empty_space][vc_column_text]Gra\u00e7as \u00e0 nossa pol\u00edtica de compras conjuntas e \u00e0 nossa experi\u00eancia no abastecimento de materiais industriais e agr\u00edcolas, podemos <strong>reduzir os custos de abastecimento e ao mesmo tempo melhorar os procedimentos<\/strong> de compras de nossos clientes. Liberados dessas obriga\u00e7\u00f5es podem focar-se naquilo que melhor fazem.<\/p>\n<p>Nossos valores v\u00e3o al\u00e9m da simples optimiza\u00e7\u00e3o dos custos. Nossa central de compras n\u00e3o mede esfor\u00e7os para merecer sua confian\u00e7a e ultrapassar suas expectativas. Que seja perante os nossos empregados ou nossos clientes, defendemos os valores do respeito e da qualidade.[\/vc_column_text][\/vc_column_inner][vc_column_inner width=&#8221;1\/2&#8243;][vc_column_text]<\/p>\n<h2>Um servi\u00e7o e produtos<br \/>\nde qualidade<\/h2>\n<p>[\/vc_column_text][vc_empty_space][vc_column_text]N\u00f3s procedemos a um controle permanente junto aos fornecedores e colaboradores com o objetivo de assegurar que nossos produtos sejam irretoc\u00e1veis. Nosso servi\u00e7o p\u00f3s-venda est\u00e1 \u00e0 sua disposi\u00e7\u00e3o e responder\u00e1 rapidamente a todas as quest\u00f5es.<\/p>\n<p>Aplicar todo nosso &#8220;savoir-faire&#8221; ao seu servi\u00e7o, eis a miss\u00e3o de <span class=\"red\">Procurafrica<sup>\u00ae<\/sup><\/span>.[\/vc_column_text][\/vc_column_inner][\/vc_row_inner][vc_empty_space][\/vc_column][\/vc_row][vc_row parallax_speed=&#8221;5&#8243; parallax_x=&#8221;0&#8243; parallax_y=&#8221;0&#8243; css=&#8221;.vc_custom_1447235500864{padding-top: 50px !important;padding-bottom: 50px !important;background-color: #f6f6f6 !important;}&#8221;][vc_column width=&#8221;1\/3&#8243;][vc_single_image image=&#8221;1429&#8243; img_size=&#8221;350&#215;250&#8243; alignment=&#8221;center&#8221; onclick=&#8221;custom_link&#8221; link=&#8221;\/center\/pt-pt\/quem-somos-nos\/por-que-trabalhar-conosco\/&#8221;][vc_column_text el_class=&#8221;box-vignette&#8221;]<\/p>\n<p><a class=\"title-white\" href=\"https:\/\/www.procurafrica.com\/center\/pt-pt\/quem-somos-nos\/por-que-trabalhar-conosco\/\">Por que <span class=\"yellow\">Procurafrica<\/span><\/a><\/p>\n<p>[\/vc_column_text][\/vc_column][vc_column width=&#8221;1\/3&#8243;][vc_single_image image=&#8221;1430&#8243; img_size=&#8221;350&#215;250&#8243; alignment=&#8221;center&#8221; onclick=&#8221;custom_link&#8221; link=&#8221;\/center\/pt-pt\/quem-somos-nos\/&#8221;][vc_column_text el_class=&#8221;box-vignette&#8221;]<\/p>\n<p><a class=\"title-white\" href=\"https:\/\/www.procurafrica.com\/center\/pt-pt\/quem-somos-nos\/\">Nossos <span class=\"yellow\">valores<\/span><\/a><\/p>\n<p>[\/vc_column_text][\/vc_column][vc_column width=&#8221;1\/3&#8243;][vc_single_image image=&#8221;1431&#8243; img_size=&#8221;350&#215;250&#8243; alignment=&#8221;center&#8221; onclick=&#8221;custom_link&#8221; link=&#8221;\/center\/pt-pt\/produtos\/&#8221;][vc_column_text el_class=&#8221;box-vignette&#8221;]<\/p>\n<p><a class=\"title-white\" href=\"https:\/\/www.procurafrica.com\/center\/pt-pt\/produtos\/\">Nossos <span class=\"yellow\">produtos<\/span><\/a><\/p>\n<p>[\/vc_column_text][\/vc_column][\/vc_row][vc_row parallax_speed=&#8221;5&#8243; parallax_x=&#8221;0&#8243; parallax_y=&#8221;0&#8243; css=&#8221;.vc_custom_1447235548580{padding-top: 20px !important;padding-bottom: 20px !important;background-color: #ffffff !important;}&#8221;][vc_column width=&#8221;1\/4&#8243;][vc_empty_space height=&#8221;19px&#8221;][vc_column_text]<\/p>\n<h4 class=\"no-margin-top\"><a style=\"color: #000;\" href=\"https:\/\/www.procurafrica.com\/center\/pt-pt\/marcas\/\">NOSSAS MARCAS<\/a><\/h4>\n<p>[\/vc_column_text][\/vc_column][vc_column width=&#8221;3\/4&#8243;][vc_images_carousel images=&#8221;1064,1065,1066,1067,1068,1069,1070,1071,1072,1073,1074,1075,1076,1077,1078,1079,1080,1081,1082,1083,1084,1085,1086,1087,1088,1089,1090,1091,1092,1093,1094,1095,1096,1097,1098,1099,1100,1342,1345,1382,1381,1380,1379,1375,1363,1351,1352,1364,1353,1354,1367,1355,1356,1369,1357,1346,1370,1371,1359,1347,1360,1372,1373,1361,1374,1759,1758,1757,1756,1749,1750,1751,1752,1753,1754,1755,1747&#8243; img_size=&#8221;full&#8221; onclick=&#8221;custom_link&#8221; speed=&#8221;1000&#8243; slides_per_view=&#8221;4&#8243; autoplay=&#8221;yes&#8221; hide_pagination_control=&#8221;yes&#8221; hide_prev_next_buttons=&#8221;yes&#8221; wrap=&#8221;yes&#8221; custom_links=&#8221;\/center\/pt-pt\/marcas\/,\/center\/pt-pt\/marcas\/,\/center\/pt-pt\/marcas\/,\/center\/pt-pt\/marcas\/,\/center\/pt-pt\/marcas\/,\/center\/pt-pt\/marcas\/,\/center\/pt-pt\/marcas\/,\/center\/pt-pt\/marcas\/,\/center\/pt-pt\/marcas\/,\/center\/pt-pt\/marcas\/,\/center\/pt-pt\/marcas\/,\/center\/pt-pt\/marcas\/,\/center\/pt-pt\/marcas\/,\/center\/pt-pt\/marcas\/,\/center\/pt-pt\/marcas\/,\/center\/pt-pt\/marcas\/,\/center\/pt-pt\/marcas\/,\/center\/pt-pt\/marcas\/,\/center\/pt-pt\/marcas\/,\/center\/pt-pt\/marcas\/,\/center\/pt-pt\/marcas\/,\/center\/pt-pt\/marcas\/,\/center\/pt-pt\/marcas\/,\/center\/pt-pt\/marcas\/,\/center\/pt-pt\/marcas\/,\/center\/pt-pt\/marcas\/,\/center\/pt-pt\/marcas\/,\/center\/pt-pt\/marcas\/,\/center\/pt-pt\/marcas\/,\/center\/pt-pt\/marcas\/,\/center\/pt-pt\/marcas\/,\/center\/pt-pt\/marcas\/,\/center\/pt-pt\/marcas\/,\/center\/pt-pt\/marcas\/,\/center\/pt-pt\/marcas\/,\/center\/pt-pt\/marcas\/,\/center\/pt-pt\/marcas\/,\/center\/pt-pt\/marcas\/,\/center\/pt-pt\/marcas\/,\/center\/pt-pt\/marcas\/,\/center\/pt-pt\/marcas\/,\/center\/pt-pt\/marcas\/,\/center\/pt-pt\/marcas\/,\/center\/pt-pt\/marcas\/,\/center\/pt-pt\/marcas\/,\/center\/pt-pt\/marcas\/,\/center\/pt-pt\/marcas\/,\/center\/pt-pt\/marcas\/,\/center\/pt-pt\/marcas\/,\/center\/pt-pt\/marcas\/,\/center\/pt-pt\/marcas\/,\/center\/pt-pt\/marcas\/,\/center\/pt-pt\/marcas\/,\/center\/pt-pt\/marcas\/,\/center\/pt-pt\/marcas\/,\/center\/pt-pt\/marcas\/,\/center\/pt-pt\/marcas\/,\/center\/pt-pt\/marcas\/,\/center\/pt-pt\/marcas\/,\/center\/pt-pt\/marcas\/,\/center\/pt-pt\/marcas\/,\/center\/pt-pt\/marcas\/,\/center\/pt-pt\/marcas\/,\/center\/pt-pt\/marcas\/,\/center\/pt-pt\/marcas\/,\/center\/pt-pt\/marcas\/,\/center\/pt-pt\/marcas\/,\/center\/pt-pt\/marcas\/,\/center\/pt-pt\/marcas\/,\/center\/pt-pt\/marcas\/,\/center\/pt-pt\/marcas\/,\/center\/pt-pt\/marcas\/,\/center\/pt-pt\/marcas\/,\/center\/pt-pt\/marcas\/,\/center\/pt-pt\/marcas\/&#8221;][\/vc_column][\/vc_row]<\/p>\n","protected":false},"excerpt":{"rendered":"<p>[vc_row width_100=&#8221;yes&#8221; parallax_speed=&#8221;5&#8243; parallax_x=&#8221;0&#8243; parallax_y=&#8221;0&#8243; el_class=&#8221;mobile_no_margin_bot&#8221;][vc_column][rev_slider_vc alias=&#8221;home&#8221;][\/vc_column][\/vc_row][vc_row parallax_speed=&#8221;5&#8243; parallax_x=&#8221;0&#8243; parallax_y=&#8221;0&#8243; css=&#8221;.vc_custom_1447235486274{background-color: #ffffff !important;}&#8221;][vc_column][vc_empty_space][vc_column_text el_class=&#8221;titre-h1&#8243;] Central de compras para o continente Africano Procurafrica : Construindo a ind\u00fastria em \u00c1frica [\/vc_column_text][vc_empty_space][vc_column_text] Procurafrica\u00ae \u00e9 uma central de compras que tem por objetivo fornecer material industrial e agr\u00edcola de qualidade aos nossos parceiros em \u00c1frica. Al\u00e9m da qualidade reconhecida [&hellip;]<\/p>\n","protected":false},"author":1,"featured_media":0,"parent":0,"menu_order":1,"comment_status":"closed","ping_status":"closed","template":"templates\/template-fullwidth.php","meta":{"_links_to":"","_links_to_target":""},"_links":{"self":[{"href":"https:\/\/www.procurafrica.com\/center\/pt-pt\/wp-json\/wp\/v2\/pages\/1632"}],"collection":[{"href":"https:\/\/www.procurafrica.com\/center\/pt-pt\/wp-json\/wp\/v2\/pages"}],"about":[{"href":"https:\/\/www.procurafrica.com\/center\/pt-pt\/wp-json\/wp\/v2\/types\/page"}],"author":[{"embeddable":true,"href":"https:\/\/www.procurafrica.com\/center\/pt-pt\/wp-json\/wp\/v2\/users\/1"}],"replies":[{"embeddable":true,"href":"https:\/\/www.procurafrica.com\/center\/pt-pt\/wp-json\/wp\/v2\/comments?post=1632"}],"version-history":[{"count":5,"href":"https:\/\/www.procurafrica.com\/center\/pt-pt\/wp-json\/wp\/v2\/pages\/1632\/revisions"}],"predecessor-version":[{"id":2273,"href":"https:\/\/www.procurafrica.com\/center\/pt-pt\/wp-json\/wp\/v2\/pages\/1632\/revisions\/2273"}],"wp:attachment":[{"href":"https:\/\/www.procurafrica.com\/center\/pt-pt\/wp-json\/wp\/v2\/media?parent=1632"}],"curies":[{"name":"wp","href":"https:\/\/api.w.org\/{rel}","templated":true}]}}