{"id":1635,"date":"2017-07-06T14:05:23","date_gmt":"2017-07-06T13:05:23","guid":{"rendered":"https:\/\/www.procurafrica.com\/pt-pt\/?page_id=1635"},"modified":"2017-07-12T12:56:06","modified_gmt":"2017-07-12T11:56:06","slug":"quem-somos-nos","status":"publish","type":"page","link":"https:\/\/www.procurafrica.com\/center\/pt-pt\/quem-somos-nos\/","title":{"rendered":"Quem somos n\u00f3s ?"},"content":{"rendered":"<p>[vc_row parallax_speed=&#8221;5&#8243; parallax_x=&#8221;0&#8243; parallax_y=&#8221;0&#8243;][vc_column][vc_column_text el_class=&#8221;titre-h1&#8243;]<\/p>\n<h1 style=\"text-align: center;\">Descri\u00e7\u00e3o da Procurafrica<\/h1>\n<p>[\/vc_column_text][vc_empty_space][vc_column_text]<span class=\"red\">Procurafrica<sup>\u00ae<\/sup><\/span> \u00e9 uma <strong>central de compras<\/strong> industriais e agr\u00edcolas. Nosso objetivo \u00e9 de concentrar em s\u00f3 lugar todas as necessidades de nossos clientes baseados em \u00c1frica. Trata-se de um setor em que muitos fornecedores faltam com a transpar\u00eancia necess\u00e1ria, onde a confian\u00e7a \u00e9, por vezes, uma mercadoria rara.<\/p>\n<p>Enquanto uma <strong>central de compras<\/strong>, funcionamos por meio de <strong>compras conjuntas<\/strong>. Desta maneira, podemos n\u00e3o somente selecionar nossos fornecedores, mas igualmente obter os pre\u00e7os mais concorrenciais. Podemos, desta forma, assegurar um servi\u00e7o de qualidade aos nossos clientes, propondo-lhes pre\u00e7os que desafiam qualquer concorr\u00eancia. <a href=\"https:\/\/www.procurafrica.com\/center\/pt-pt\/quem-somos-nos\/por-que-trabalhar-conosco\/\">Mais informa\u00e7\u00f5es sobre uma central de compras<\/a>.[\/vc_column_text][vc_empty_space][vc_row_inner][vc_column_inner][vc_single_image image=&#8221;1424&#8243; img_size=&#8221;1100&#215;250&#8243;][\/vc_column_inner][\/vc_row_inner][\/vc_column][\/vc_row][vc_row parallax_speed=&#8221;5&#8243; parallax_x=&#8221;0&#8243; parallax_y=&#8221;0&#8243; css=&#8221;.vc_custom_1430538665606{padding-top: 50px !important;padding-bottom: 30px !important;}&#8221;][vc_column][vc_tabs interval=&#8221;0&#8243;][vc_tab title=&#8221;<\/p>\n<h2>Hist\u00f3ria de nossa central de compras<\/h2>\n<p>&#8221; tab_id=&#8221;68da5371-2e64-2&#8243;][vc_row_inner][vc_column_inner width=&#8221;2\/3&#8243;][vc_column_text]Com mais de 15 anos de experi\u00eancia, <span class=\"red\">Procurafrica<sup>\u00ae<\/sup><\/span> j\u00e1 se firmou como um <strong>operador importante de suprimento em material agr\u00edcola e industrial<\/strong>.<\/p>\n<p>A qualidade conhecida de nosso servi\u00e7o nos possibilitou colaborar com diversas companhias atrav\u00e9s do continente. A nossa holding, Decisia Group, \u00e9 um membro efetivo da C\u00e2mara de Com\u00e9rcio B\u00e9lgica-Luxemburgo-\u00c1frica-Caribe-Pac\u00edfico (CBL-ACP).[\/vc_column_text][\/vc_column_inner][vc_column_inner width=&#8221;1\/3&#8243;][vc_single_image image=&#8221;1425&#8243; img_size=&#8221;500&#215;360&#8243;][\/vc_column_inner][\/vc_row_inner][\/vc_tab][vc_tab title=&#8221;<\/p>\n<h2>Valores defendidos por Procurafrica<\/h2>\n<p>&#8221; tab_id=&#8221;9f40523a-7951-1&#8243;][vc_row_inner][vc_column_inner width=&#8221;2\/3&#8243;][vc_column_text]Nossa central de compras \u00e9 antes de tudo <strong>\u00e9tica<\/strong> : adotamos um c\u00f3digo moral r\u00edgido na rela\u00e7\u00e3o com os nossos clientes, empregados, comunidades, e tamb\u00e9m com o respeito ao meio ambiente.<\/p>\n<p>Capacidade <strong>r\u00e1pida<\/strong> de resposta : procuramos antes de tudo compreender as necessidades de nossos clientes. Propomos servi\u00e7os adaptados \u00e0s suas solicita\u00e7\u00f5es, e fazemos tudo para solucionar os eventuais problemas.<\/p>\n<p>Somos igualmente <strong>conscientes da import\u00e2ncia da qualidade e dos custos<\/strong> : procuramos a lucratividade para nossa clientela, sem comprometer a qualidade de nossos produtos e servi\u00e7os.<\/p>\n<p>Afinal de contas, <span class=\"red\">Procurafrica<sup>\u00ae<\/sup><\/span><strong> se concentra nos resultados. Identificamos suas expectativas e garantimos satisfaz\u00ea-las. Em seguida, esfor\u00e7amo-nos para ultrapass\u00e1-las.<\/strong>[\/vc_column_text][\/vc_column_inner][vc_column_inner width=&#8221;1\/3&#8243;][vc_single_image image=&#8221;1426&#8243; img_size=&#8221;500&#215;460&#8243;][\/vc_column_inner][\/vc_row_inner][\/vc_tab][\/vc_tabs][\/vc_column][\/vc_row][vc_row][vc_column][vc_column_text]<\/p>\n<p>&nbsp;<\/p>\n<p>[\/vc_column_text][\/vc_column][\/vc_row]<\/p>\n","protected":false},"excerpt":{"rendered":"<p>[vc_row parallax_speed=&#8221;5&#8243; parallax_x=&#8221;0&#8243; parallax_y=&#8221;0&#8243;][vc_column][vc_column_text el_class=&#8221;titre-h1&#8243;] Descri\u00e7\u00e3o da Procurafrica [\/vc_column_text][vc_empty_space][vc_column_text]Procurafrica\u00ae \u00e9 uma central de compras industriais e agr\u00edcolas. Nosso objetivo \u00e9 de concentrar em s\u00f3 lugar todas as necessidades de nossos clientes baseados em \u00c1frica. Trata-se de um setor em que muitos fornecedores faltam com a transpar\u00eancia necess\u00e1ria, onde a confian\u00e7a \u00e9, por vezes, uma mercadoria [&hellip;]<\/p>\n","protected":false},"author":1,"featured_media":0,"parent":0,"menu_order":2,"comment_status":"closed","ping_status":"closed","template":"templates\/template-fullwidth.php","meta":{"_links_to":"","_links_to_target":""},"_links":{"self":[{"href":"https:\/\/www.procurafrica.com\/center\/pt-pt\/wp-json\/wp\/v2\/pages\/1635"}],"collection":[{"href":"https:\/\/www.procurafrica.com\/center\/pt-pt\/wp-json\/wp\/v2\/pages"}],"about":[{"href":"https:\/\/www.procurafrica.com\/center\/pt-pt\/wp-json\/wp\/v2\/types\/page"}],"author":[{"embeddable":true,"href":"https:\/\/www.procurafrica.com\/center\/pt-pt\/wp-json\/wp\/v2\/users\/1"}],"replies":[{"embeddable":true,"href":"https:\/\/www.procurafrica.com\/center\/pt-pt\/wp-json\/wp\/v2\/comments?post=1635"}],"version-history":[{"count":4,"href":"https:\/\/www.procurafrica.com\/center\/pt-pt\/wp-json\/wp\/v2\/pages\/1635\/revisions"}],"predecessor-version":[{"id":1723,"href":"https:\/\/www.procurafrica.com\/center\/pt-pt\/wp-json\/wp\/v2\/pages\/1635\/revisions\/1723"}],"wp:attachment":[{"href":"https:\/\/www.procurafrica.com\/center\/pt-pt\/wp-json\/wp\/v2\/media?parent=1635"}],"curies":[{"name":"wp","href":"https:\/\/api.w.org\/{rel}","templated":true}]}}