{"id":1638,"date":"2017-07-06T14:29:21","date_gmt":"2017-07-06T13:29:21","guid":{"rendered":"https:\/\/www.procurafrica.com\/pt-pt\/?page_id=1638"},"modified":"2017-07-10T10:29:36","modified_gmt":"2017-07-10T09:29:36","slug":"por-que-trabalhar-conosco","status":"publish","type":"page","link":"https:\/\/www.procurafrica.com\/center\/pt-pt\/quem-somos-nos\/por-que-trabalhar-conosco\/","title":{"rendered":"Por que  trabalhar conosco ?"},"content":{"rendered":"<p>[vc_row parallax_speed=&#8221;5&#8243; parallax_x=&#8221;0&#8243; parallax_y=&#8221;0&#8243;][vc_column][vc_column_text el_class=&#8221;titre-h1&#8243;]<\/p>\n<h1 style=\"text-align: center;\">Por que trabalhar com uma central de compras ?<\/h1>\n<p>[\/vc_column_text][vc_empty_space][vc_column_text]O papel central de uma <strong>central de compras<\/strong> \u00e9 reunir os aprovisionamentos de de diversas usinas. Ela \u00e9 capaz de comprar produtos em grande quantidade, o que lhe d\u00e1 duas grandes vantagens :<\/p>\n<p><span class=\"red\">\u2022<\/span> Os fornecedores veem nela um cliente promordial. Fazem o m\u00e1ximo poss\u00edvel para satisfazer, e l propor-lhe os <strong>melhores produtos<\/strong>.<\/p>\n<p><span class=\"red\">\u2022<\/span> A central de compras pode obter quase <strong>pre\u00e7os muito melhores<\/strong> que um comprador &#8220;solit\u00e1rio&#8221;.<\/p>\n<p>Em outras palavras, o potencial financeiro representado por uma <strong>central de compras<\/strong> lhe oferece uma vantagem essencial na negocia\u00e7\u00e3o com os fabricantes. [\/vc_column_text][vc_empty_space][vc_row_inner][vc_column_inner width=&#8221;1\/3&#8243;][vc_single_image image=&#8221;1435&#8243; img_size=&#8221;350&#215;250&#8243;][\/vc_column_inner][vc_column_inner width=&#8221;1\/3&#8243;][vc_single_image image=&#8221;1434&#8243; img_size=&#8221;350&#215;250&#8243;][\/vc_column_inner][vc_column_inner width=&#8221;1\/3&#8243;][vc_single_image image=&#8221;1433&#8243; img_size=&#8221;350&#215;250&#8243;][\/vc_column_inner][\/vc_row_inner][\/vc_column][\/vc_row][vc_row parallax_speed=&#8221;5&#8243; parallax_x=&#8221;0&#8243; parallax_y=&#8221;0&#8243; css=&#8221;.vc_custom_1430538665606{padding-top: 50px !important;padding-bottom: 30px !important;}&#8221;][vc_column][vc_tabs interval=&#8221;0&#8243;][vc_tab title=&#8221;<\/p>\n<h2>Qual \u00e9 o nosso papel ?<\/h2>\n<p>&#8221; tab_id=&#8221;68da5371-2e64-2&#8243;][vc_row_inner][vc_column_inner width=&#8221;2\/3&#8243;][vc_column_text]<span class=\"red\">\u2022<\/span> Como uma central, devemos a todo momento <strong>satisfazer as solicita\u00e7\u00f5es de nosssos clientes<\/strong> em qualquer que seja a circunst\u00e2ncia. Somos capazes, atrav\u00e9s de nosso outsourcing, d e encontrar os equipamentos e materiais que est\u00e3o ou indispon\u00edveis no mercado, ou que estejam muito caros mais que sejam indispens\u00e1veis para nossa clientela.<\/p>\n<p><span class=\"red\">\u2022<\/span> Como fornecedor, garantimos a <strong>qualidade de nossos produtos e o prazo de entrega<\/strong>. propomos igualmente um servi\u00e7o p\u00f3s-venda o mais completo poss\u00edvel, e fazemos o m\u00e1ximo para sastisfazer nossa clientela.<\/p>\n<p>N\u00e3o ter que se preocupar com a rede de aprovisionamento \u00e9 um al\u00edvio para uma empresa. Livre desta restri\u00e7\u00e3o logistica e administrativa, os senhores podem nos delegar esta tarefa, <strong>e desta foma, se consagrar inteiramente ao seu objetivo principal<\/strong>.[\/vc_column_text][\/vc_column_inner][vc_column_inner width=&#8221;1\/3&#8243;][vc_single_image image=&#8221;1437&#8243; img_size=&#8221;500&#215;600&#8243;][\/vc_column_inner][\/vc_row_inner][\/vc_tab][vc_tab title=&#8221;<\/p>\n<h2>Nosso m\u00e9todo de trabalho<\/h2>\n<p>&#8221; tab_id=&#8221;9f40523a-7951-1&#8243;][vc_row_inner][vc_column_inner width=&#8221;2\/3&#8243;][vc_column_text]<span class=\"red\">\u2022 Sourcing<\/span> : como <strong>central de compras<\/strong>, podemos optimisar nosso aprovisionamento. Podemos triar nosssos fornecedores para escolher os mais confi\u00e1veis. \u00c9 uma forma de garantir tanto uma qualidade de produtos irretoc\u00e1veis, quanto de custos reduzidos. Contando com escrit\u00f3rios na Europa e na \u00c1sia, propomos um &#8220;sourcing&#8221; a partir de diferentes zonas g\u00e9ograficas em fun\u00e7\u00e3o do projeto pretendido.<\/p>\n<p><span class=\"red\">\u2022 Controle<\/span> : obedecemos a um severo c\u00f3digo de regras de qualidade. Organisamos controles e auditorias regulares, tanto com rela\u00e7\u00e3o aos nossos fornecedores quanto em nossas pr\u00f3prias depend\u00eancias. Fixamos-nos padr\u00f5es de qualidade elevados, e os repeitamos.<\/p>\n<p><span class=\"red\">\u2022 Servi\u00e7o<\/span> : propomos un suporte ao cliente antes, durante e ap\u00f3s o procedimento de compras. Informamos permanentemente da situa\u00e7\u00e3o de seu pedidos. O respeito e a transpar\u00eancia s\u00e3o valores primordiais para a <span class=\"red\">Procurafrica<sup>\u00ae<\/sup><\/span>.[\/vc_column_text][\/vc_column_inner][vc_column_inner width=&#8221;1\/3&#8243;][vc_single_image image=&#8221;1436&#8243; img_size=&#8221;500&#215;600&#8243;][\/vc_column_inner][\/vc_row_inner][\/vc_tab][\/vc_tabs][\/vc_column][\/vc_row]<\/p>\n","protected":false},"excerpt":{"rendered":"<p>[vc_row parallax_speed=&#8221;5&#8243; parallax_x=&#8221;0&#8243; parallax_y=&#8221;0&#8243;][vc_column][vc_column_text el_class=&#8221;titre-h1&#8243;] Por que trabalhar com uma central de compras ? [\/vc_column_text][vc_empty_space][vc_column_text]O papel central de uma central de compras \u00e9 reunir os aprovisionamentos de de diversas usinas. Ela \u00e9 capaz de comprar produtos em grande quantidade, o que lhe d\u00e1 duas grandes vantagens : \u2022 Os fornecedores veem nela um cliente promordial. [&hellip;]<\/p>\n","protected":false},"author":1,"featured_media":0,"parent":1635,"menu_order":1,"comment_status":"closed","ping_status":"closed","template":"templates\/template-fullwidth.php","meta":{"_links_to":"","_links_to_target":""},"_links":{"self":[{"href":"https:\/\/www.procurafrica.com\/center\/pt-pt\/wp-json\/wp\/v2\/pages\/1638"}],"collection":[{"href":"https:\/\/www.procurafrica.com\/center\/pt-pt\/wp-json\/wp\/v2\/pages"}],"about":[{"href":"https:\/\/www.procurafrica.com\/center\/pt-pt\/wp-json\/wp\/v2\/types\/page"}],"author":[{"embeddable":true,"href":"https:\/\/www.procurafrica.com\/center\/pt-pt\/wp-json\/wp\/v2\/users\/1"}],"replies":[{"embeddable":true,"href":"https:\/\/www.procurafrica.com\/center\/pt-pt\/wp-json\/wp\/v2\/comments?post=1638"}],"version-history":[{"count":3,"href":"https:\/\/www.procurafrica.com\/center\/pt-pt\/wp-json\/wp\/v2\/pages\/1638\/revisions"}],"predecessor-version":[{"id":1647,"href":"https:\/\/www.procurafrica.com\/center\/pt-pt\/wp-json\/wp\/v2\/pages\/1638\/revisions\/1647"}],"up":[{"embeddable":true,"href":"https:\/\/www.procurafrica.com\/center\/pt-pt\/wp-json\/wp\/v2\/pages\/1635"}],"wp:attachment":[{"href":"https:\/\/www.procurafrica.com\/center\/pt-pt\/wp-json\/wp\/v2\/media?parent=1638"}],"curies":[{"name":"wp","href":"https:\/\/api.w.org\/{rel}","templated":true}]}}