{"id":1640,"date":"2017-07-06T14:51:22","date_gmt":"2017-07-06T13:51:22","guid":{"rendered":"https:\/\/www.procurafrica.com\/pt-pt\/?page_id=1640"},"modified":"2023-03-24T11:59:04","modified_gmt":"2023-03-24T10:59:04","slug":"area-de-atividade","status":"publish","type":"page","link":"https:\/\/www.procurafrica.com\/center\/pt-pt\/area-de-atividade\/","title":{"rendered":"\u00c1rea de atividade"},"content":{"rendered":"<p>[vc_row parallax_speed=&#8221;5&#8243; parallax_x=&#8221;0&#8243; parallax_y=&#8221;0&#8243;][vc_column][vc_column_text el_class=&#8221;titre-h1&#8243;]<\/p>\n<h1 style=\"text-align: center;\">Procurafrica : Uma central de compras a servi\u00e7o da \u00c1frica<\/h1>\n<p>[\/vc_column_text][vc_empty_space][vc_column_text]Nossa <strong>central de compras<\/strong> tem por miss\u00e3o, como seu nome revela, servir nossos clientes em toda a \u00c1frica. Atualmente, estamos presentes em mais de <strong>vinte pa\u00edses africanos<\/strong>.<\/p>\n<p>Vossa \u00e1rea de atua\u00e7\u00e3o se encontra em um pa\u00eds que n\u00e3o aparece nesta lista ? <a title=\"Contacte-nos\" href=\"https:\/\/www.procurafrica.com\/center\/pt-pt\/contactos\/\">Contacte-nos<\/a> ! <span class=\"red\">Procurafrica<sup>\u00ae<\/sup><\/span> n\u00e3o tem o intuito de limitar suas atividades, ser\u00e1 uma satisfa\u00e7\u00e3o considerar novas parcerias.[\/vc_column_text][vc_empty_space][\/vc_column][\/vc_row][vc_row][vc_column][vc_single_image image=&#8221;2299&#8243; img_size=&#8221;full&#8221; alignment=&#8221;center&#8221;][\/vc_column][\/vc_row]<\/p>\n","protected":false},"excerpt":{"rendered":"<p>[vc_row parallax_speed=&#8221;5&#8243; parallax_x=&#8221;0&#8243; parallax_y=&#8221;0&#8243;][vc_column][vc_column_text el_class=&#8221;titre-h1&#8243;] Procurafrica : Uma central de compras a servi\u00e7o da \u00c1frica [\/vc_column_text][vc_empty_space][vc_column_text]Nossa central de compras tem por miss\u00e3o, como seu nome revela, servir nossos clientes em toda a \u00c1frica. Atualmente, estamos presentes em mais de vinte pa\u00edses africanos. Vossa \u00e1rea de atua\u00e7\u00e3o se encontra em um pa\u00eds que n\u00e3o aparece nesta [&hellip;]<\/p>\n","protected":false},"author":1,"featured_media":0,"parent":0,"menu_order":4,"comment_status":"closed","ping_status":"closed","template":"templates\/template-fullwidth.php","meta":{"_links_to":"","_links_to_target":""},"_links":{"self":[{"href":"https:\/\/www.procurafrica.com\/center\/pt-pt\/wp-json\/wp\/v2\/pages\/1640"}],"collection":[{"href":"https:\/\/www.procurafrica.com\/center\/pt-pt\/wp-json\/wp\/v2\/pages"}],"about":[{"href":"https:\/\/www.procurafrica.com\/center\/pt-pt\/wp-json\/wp\/v2\/types\/page"}],"author":[{"embeddable":true,"href":"https:\/\/www.procurafrica.com\/center\/pt-pt\/wp-json\/wp\/v2\/users\/1"}],"replies":[{"embeddable":true,"href":"https:\/\/www.procurafrica.com\/center\/pt-pt\/wp-json\/wp\/v2\/comments?post=1640"}],"version-history":[{"count":4,"href":"https:\/\/www.procurafrica.com\/center\/pt-pt\/wp-json\/wp\/v2\/pages\/1640\/revisions"}],"predecessor-version":[{"id":2313,"href":"https:\/\/www.procurafrica.com\/center\/pt-pt\/wp-json\/wp\/v2\/pages\/1640\/revisions\/2313"}],"wp:attachment":[{"href":"https:\/\/www.procurafrica.com\/center\/pt-pt\/wp-json\/wp\/v2\/media?parent=1640"}],"curies":[{"name":"wp","href":"https:\/\/api.w.org\/{rel}","templated":true}]}}