{"id":1650,"date":"2017-07-07T14:45:37","date_gmt":"2017-07-07T13:45:37","guid":{"rendered":"https:\/\/www.procurafrica.com\/pt-pt\/?page_id=1650"},"modified":"2017-07-12T14:55:57","modified_gmt":"2017-07-12T13:55:57","slug":"produtos","status":"publish","type":"page","link":"https:\/\/www.procurafrica.com\/center\/pt-pt\/produtos\/","title":{"rendered":"Produtos"},"content":{"rendered":"<p>[vc_row parallax_speed=&#8221;5&#8243; parallax_x=&#8221;0&#8243; parallax_y=&#8221;0&#8243;][vc_column][vc_column_text el_class=&#8221;titre-h1&#8243;]<\/p>\n<h1 style=\"text-align: center;\">Forne\u00e7a-se com a central de compras Procurafrica<\/h1>\n<p>[\/vc_column_text][vc_empty_space][vc_column_text]Enquanto central de compras, <span class=\"red\">Procurafrica<sup>\u00ae<\/sup><\/span> \u00e9 capaz de responder \u00e0 demanda de seus clientes em todas as necessidades em <strong>material industrial e agr\u00edcola<\/strong>. Reunimos aqui por categoria os diferentes produtos j\u00e1 oferecidos por <span class=\"red\">Procurafrica<sup>\u00ae<\/sup><\/span>.<\/p>\n<p>Esta lista n\u00e3o \u00e9 exaustiva. Temos o prazer de poder fornecer um servi\u00e7o personalizado aos nossos clientes. Se o produto que procuras n\u00e3o se encontra abaixo, <a href=\"https:\/\/www.procurafrica.com\/center\/pt-pt\/contactos\/\">contacte-nos<\/a> ! Certamente podemos fornec\u00ea-lo.[\/vc_column_text][vc_empty_space][\/vc_column][\/vc_row][vc_row][vc_column width=&#8221;1\/4&#8243;][vc_single_image image=&#8221;1445&#8243; img_size=&#8221;350&#215;250&#8243;][\/vc_column][vc_column width=&#8221;1\/4&#8243;][vc_single_image image=&#8221;1446&#8243; img_size=&#8221;350&#215;250&#8243;][\/vc_column][vc_column width=&#8221;1\/4&#8243;][vc_single_image image=&#8221;1447&#8243; img_size=&#8221;350&#215;250&#8243;][\/vc_column][vc_column width=&#8221;1\/4&#8243;][vc_single_image image=&#8221;1448&#8243; img_size=&#8221;350&#215;250&#8243;][\/vc_column][\/vc_row][vc_row][vc_column][vc_empty_space][\/vc_column][\/vc_row][vc_row parallax_speed=&#8221;5&#8243; parallax_x=&#8221;0&#8243; parallax_y=&#8221;0&#8243; css=&#8221;.vc_custom_1449004703365{padding-top: 10px !important;padding-right: 10px !important;padding-bottom: 10px !important;padding-left: 10px !important;background-color: #ffffff !important;}&#8221;][vc_column width=&#8221;1\/2&#8243;][vc_column_text]<\/p>\n<h2><a href=\"https:\/\/www.procurafrica.com\/center\/pt-pt\/produtos\/material-electrico\">Material el\u00e9ctrico<\/a><\/h2>\n<p>Todo tipo de material el\u00e9ctrico, tais como <strong>cabos<\/strong> e igualmente material de <strong>ilumina\u00e7\u00e3o<\/strong> para sua constru\u00e7\u00e3o.<br \/>\nA qualidade de nossos artigos assegura consider\u00e1vel economia de energia.[\/vc_column_text][vc_empty_space][vc_btn title=&#8221;DESCUBRA NOSSO MATERIAL EL\u00c9CTRICO&#8221; style=&#8221;3d&#8221; link=&#8221;url:%2Fcenter%2Fpt-pt%2Fprodutos%2Fmaterial-electrico||&#8221;][vc_empty_space][\/vc_column][vc_column width=&#8221;1\/2&#8243;][vc_column_text]<\/p>\n<h2><a href=\"https:\/\/www.procurafrica.com\/center\/pt-pt\/produtos\/material-de-transmissao\">Material de transmiss\u00e3o<\/a><\/h2>\n<p>Esta categoria distingue diversos produtos tais como <strong>rolamentos, correias e polias, correntes<\/strong>&#8230; Damos uma aten\u00e7\u00e3o especial \u00e0 qualidade e a resist\u00eancia destes produtos.[\/vc_column_text][vc_empty_space][vc_btn title=&#8221;DESCUBRA NOSSO MATERIAL DE TRANSMISS\u00c3O&#8221; style=&#8221;3d&#8221; link=&#8221;url:%2Fcenter%2Fpt-pt%2Fprodutos%2Fmaterial-de-transmissao||&#8221;][vc_empty_space][\/vc_column][\/vc_row][vc_row parallax_speed=&#8221;5&#8243; parallax_x=&#8221;0&#8243; parallax_y=&#8221;0&#8243; css=&#8221;.vc_custom_1449517729204{padding-top: 10px !important;padding-right: 10px !important;padding-bottom: 10px !important;padding-left: 10px !important;background-color: #f6f6f6 !important;}&#8221;][vc_column width=&#8221;1\/2&#8243;][vc_column_text]<\/p>\n<h2><a href=\"https:\/\/www.procurafrica.com\/center\/pt-pt\/produtos\/material-de-laboratorio\">Mat\u00e9rial de laborat\u00f3rio<\/a><\/h2>\n<p>Encontre aqui todos produtos ligados \u00e0s <strong>atividades em laborat\u00f3rios<\/strong> : reagentes, instrumentos de medi\u00e7\u00e3o, de observa\u00e7\u00e3o e vidraria.[\/vc_column_text][vc_empty_space][vc_btn title=&#8221;DESCUBRA NOSSO MATERIAL DE LABORAT\u00d3RIO&#8221; style=&#8221;3d&#8221; link=&#8221;url:%2Fcenter%2Fpt-pt%2Fprodutos%2Fmaterial-de-laboratorio||&#8221;][vc_empty_space][\/vc_column][vc_column width=&#8221;1\/2&#8243;][vc_column_text]<\/p>\n<h2><a href=\"https:\/\/www.procurafrica.com\/center\/pt-pt\/produtos\/produtos-quimicos\">Produtos quimicos<\/a><\/h2>\n<p>Encontre aqui todos produtos qu\u00edmicos ligados \u00e0 sua atividade : \u00e1cidos, fertilizantes, agroqu\u00edmicos, solventes&#8230;[\/vc_column_text][vc_empty_space][vc_btn title=&#8221;DESCUBRA NOSSOS PRODUTOS QU\u00cdMICOS&#8221; style=&#8221;3d&#8221; link=&#8221;url:%2Fcenter%2Fpt-pt%2Fprodutos%2Fprodutos-quimicos||&#8221;][vc_empty_space][\/vc_column][\/vc_row][vc_row parallax_speed=&#8221;5&#8243; parallax_x=&#8221;0&#8243; parallax_y=&#8221;0&#8243; css=&#8221;.vc_custom_1456343224607{padding-top: 10px !important;padding-right: 10px !important;padding-bottom: 10px !important;padding-left: 10px !important;background-color: #ffffff !important;}&#8221;][vc_column width=&#8221;1\/2&#8243;][vc_column_text]<\/p>\n<h2><a href=\"https:\/\/www.procurafrica.com\/center\/pt-pt\/produtos\/equipamentos\">Equipamentos diversos<\/a><\/h2>\n<p>Encontre aqui os diversos equipamentos que necessita para <strong>fazer funcionar sua f\u00e1brica ou usina<\/strong> : bombas, sondas, geradores&#8230;[\/vc_column_text][vc_empty_space][vc_btn title=&#8221;DESCUBRA NOSSOS EQUIPAMENTOS&#8221; style=&#8221;3d&#8221; link=&#8221;url:%2Fcenter%2Fpt-pt%2Fprodutos%2Fequipamentos||&#8221;][vc_empty_space][\/vc_column][vc_column width=&#8221;1\/2&#8243;][vc_column_text]<\/p>\n<h2><a href=\"https:\/\/www.procurafrica.com\/center\/pt-pt\/produtos\/ferramentas\">Ferramentas<\/a><\/h2>\n<p>Sob essa ampla nomenclatura inclu\u00edmos as <strong>ferramentas de uso pessoal<\/strong> ofertas por <span class=\"red\">Procurafrica<sup>\u00ae<\/sup><\/span> : ferramentas manuais, eletroport\u00e1teis ou pneum\u00e1ticos.[\/vc_column_text][vc_empty_space][vc_btn title=&#8221;DESCUBRA NOSSAS FERRAMENTAS&#8221; style=&#8221;3d&#8221; link=&#8221;url:%2Fcenter%2Fpt-pt%2Fprodutos%2Fferramentas||&#8221;][vc_empty_space][\/vc_column][\/vc_row][vc_row parallax_speed=&#8221;5&#8243; parallax_x=&#8221;0&#8243; parallax_y=&#8221;0&#8243; css=&#8221;.vc_custom_1456343235542{padding-top: 10px !important;padding-right: 10px !important;padding-bottom: 10px !important;padding-left: 10px !important;background-color: #f6f6f6 !important;}&#8221;][vc_column width=&#8221;1\/2&#8243;][vc_column_text]<\/p>\n<h2><a href=\"https:\/\/www.procurafrica.com\/center\/pt-pt\/produtos\/equipamentos-de-protecao\">Equipamentos de prote\u00e7\u00e3o individual (EPI)<\/a><\/h2>\n<p>Os produtos aqui discriminados s\u00e3o <strong>equipamentos de prote\u00e7\u00e3o destinados aos vossos empregados<\/strong>, tais como \u00f3culos de prote\u00e7\u00e3o, luvas, m\u00e1scaras, sapatos&#8230;[\/vc_column_text][vc_empty_space][vc_btn title=&#8221;DESCUBRA NOSSOS EQUIPAMENTOS DE PROTE\u00c7\u00c3O&#8221; style=&#8221;3d&#8221; link=&#8221;url:%2Fcenter%2Fpt-pt%2Fprodutos%2Fequipamentos-de-protecao||&#8221;][vc_empty_space][\/vc_column][vc_column width=&#8221;1\/2&#8243;][vc_column_text]<\/p>\n<h2><a href=\"https:\/\/www.procurafrica.com\/center\/pt-pt\/produtos\/material-rodante\">Material rodante \/ maquinaria BTP e pe\u00e7as de reposi\u00e7\u00e3o<\/a><\/h2>\n<p>Os produtos discriminados aqui s\u00e3o utilizados no <strong>transporte<\/strong> ou na <strong>constru\u00e7\u00e3o civil<\/strong> e obras p\u00fablicas : reboques, escavadeiras, retroescavadora, tratores, isotanks,&#8230; Tamb\u00e9m dispomos de moto, bicicletas e pe\u00e7as de reposi\u00e7\u00e3o.[\/vc_column_text][vc_empty_space][vc_btn title=&#8221;DESCUBRA NOSSO MATERIAL RODANTE \/ MAQUINARIA BTP&#8221; style=&#8221;3d&#8221; link=&#8221;url:%2Fcenter%2Fpt-pt%2Fprodutos%2Fmaterial-rodante||&#8221;][vc_empty_space][\/vc_column][\/vc_row][vc_row parallax_speed=&#8221;5&#8243; parallax_x=&#8221;0&#8243; parallax_y=&#8221;0&#8243; css=&#8221;.vc_custom_1449004766795{padding-top: 10px !important;padding-right: 10px !important;padding-bottom: 10px !important;padding-left: 10px !important;background-color: #ffffff !important;}&#8221;][vc_column width=&#8221;1\/2&#8243;][vc_column_text]<\/p>\n<h2><a href=\"https:\/\/www.procurafrica.com\/center\/pt-pt\/produtos\/projetos-personalizados\">Projetos personalizados<\/a><\/h2>\n<p>Encontre aqui diversos tipos de projetos de <strong>infraestrutura ou instala\u00e7\u00f5es feitas sob medida<\/strong> que propomos \u00e0 nossa clientela : estufas agr\u00edcolas, infraestruturas pr\u00e9fabricadas, dormit\u00f3rios, linhas de engarafamento, barreiras ou port\u00f5es de seguran\u00e7a.[\/vc_column_text][vc_empty_space][vc_btn title=&#8221;DESCUBRA NOSSOS PROJETOS PERSONALIZADOS&#8221; style=&#8221;3d&#8221; link=&#8221;url:%2Fcenter%2Fpt-pt%2Fprodutos%2Fprojetos-personalizados||&#8221;][vc_empty_space][\/vc_column][vc_column width=&#8221;1\/2&#8243;][vc_column_text]<br \/>\n[\/vc_column_text][\/vc_column][\/vc_row][vc_row][vc_column][vc_empty_space][\/vc_column][\/vc_row][vc_row][vc_column width=&#8221;1\/4&#8243;][vc_single_image image=&#8221;1449&#8243; img_size=&#8221;350&#215;250&#8243;][\/vc_column][vc_column width=&#8221;1\/4&#8243;][vc_single_image image=&#8221;1450&#8243; img_size=&#8221;350&#215;250&#8243;][\/vc_column][vc_column width=&#8221;1\/4&#8243;][vc_single_image image=&#8221;1451&#8243; img_size=&#8221;350&#215;250&#8243;][\/vc_column][vc_column width=&#8221;1\/4&#8243;][vc_single_image image=&#8221;1452&#8243; img_size=&#8221;350&#215;250&#8243;][\/vc_column][\/vc_row]<\/p>\n","protected":false},"excerpt":{"rendered":"<p>[vc_row parallax_speed=&#8221;5&#8243; parallax_x=&#8221;0&#8243; parallax_y=&#8221;0&#8243;][vc_column][vc_column_text el_class=&#8221;titre-h1&#8243;] Forne\u00e7a-se com a central de compras Procurafrica [\/vc_column_text][vc_empty_space][vc_column_text]Enquanto central de compras, Procurafrica\u00ae \u00e9 capaz de responder \u00e0 demanda de seus clientes em todas as necessidades em material industrial e agr\u00edcola. Reunimos aqui por categoria os diferentes produtos j\u00e1 oferecidos por Procurafrica\u00ae. Esta lista n\u00e3o \u00e9 exaustiva. Temos o prazer de [&hellip;]<\/p>\n","protected":false},"author":1,"featured_media":0,"parent":0,"menu_order":5,"comment_status":"closed","ping_status":"closed","template":"templates\/template-fullwidth.php","meta":{"_links_to":"","_links_to_target":""},"_links":{"self":[{"href":"https:\/\/www.procurafrica.com\/center\/pt-pt\/wp-json\/wp\/v2\/pages\/1650"}],"collection":[{"href":"https:\/\/www.procurafrica.com\/center\/pt-pt\/wp-json\/wp\/v2\/pages"}],"about":[{"href":"https:\/\/www.procurafrica.com\/center\/pt-pt\/wp-json\/wp\/v2\/types\/page"}],"author":[{"embeddable":true,"href":"https:\/\/www.procurafrica.com\/center\/pt-pt\/wp-json\/wp\/v2\/users\/1"}],"replies":[{"embeddable":true,"href":"https:\/\/www.procurafrica.com\/center\/pt-pt\/wp-json\/wp\/v2\/comments?post=1650"}],"version-history":[{"count":4,"href":"https:\/\/www.procurafrica.com\/center\/pt-pt\/wp-json\/wp\/v2\/pages\/1650\/revisions"}],"predecessor-version":[{"id":1737,"href":"https:\/\/www.procurafrica.com\/center\/pt-pt\/wp-json\/wp\/v2\/pages\/1650\/revisions\/1737"}],"wp:attachment":[{"href":"https:\/\/www.procurafrica.com\/center\/pt-pt\/wp-json\/wp\/v2\/media?parent=1650"}],"curies":[{"name":"wp","href":"https:\/\/api.w.org\/{rel}","templated":true}]}}