{"id":1665,"date":"2017-07-10T09:57:38","date_gmt":"2017-07-10T08:57:38","guid":{"rendered":"https:\/\/www.procurafrica.com\/pt-pt\/?page_id=1665"},"modified":"2017-07-12T14:43:19","modified_gmt":"2017-07-12T13:43:19","slug":"equipamentos","status":"publish","type":"page","link":"https:\/\/www.procurafrica.com\/center\/pt-pt\/produtos\/equipamentos\/","title":{"rendered":"Equipamentos"},"content":{"rendered":"<p>[vc_row parallax_speed=&#8221;5&#8243; parallax_x=&#8221;0&#8243; parallax_y=&#8221;0&#8243;][vc_column][vc_column_text el_class=&#8221;titre-h1&#8243;]<\/p>\n<h1 style=\"text-align: center;\">Equipamentos diversos<\/h1>\n<p>[\/vc_column_text][vc_empty_space][vc_column_text]<\/p>\n<p>Com a for\u00e7a de seus quinze anos de experi\u00eancia, <span class=\"red\">Procurafrica<sup>\u00ae<\/sup><\/span> j\u00e1 sem imp\u00f4s como <strong>um ator principal no suprimento de material industrial<\/strong>. Somos conscientes da import\u00e2ncia da qualidade e da confiabilidade dos produtos que propomos, \u00e9 com toda seguran\u00e7a que sua empresa pode adquirir o material necess\u00e1rio que responda \u00e0s vossas exig\u00eancias.<\/p>\n<p>[\/vc_column_text][vc_empty_space][\/vc_column][\/vc_row][vc_row parallax_speed=&#8221;5&#8243; parallax_x=&#8221;0&#8243; parallax_y=&#8221;0&#8243; css=&#8221;.vc_custom_1448545238228{background-color: #ffffff !important;}&#8221;][vc_column][vc_empty_space][vc_row_inner][vc_column_inner width=&#8221;2\/3&#8243;][vc_column_text]O trabalho industrial ou agr\u00edcola requer, geralmente, um equipamento espec\u00edfico e e as vezes dif\u00edcil de obter <span class=\"red\">Procurafrica<sup>\u00ae<\/sup><\/span> fornece produtos de <strong>qualidade<\/strong>, vindo das<strong> melhores marcas<\/strong> :<\/p>\n<p><span class=\"red\">\u2022<\/span> Equipamentos de eleva\u00e7\u00e3o e de manuten\u00e7\u00e3o<br \/>\n<span class=\"red\">\u2022<\/span> Medidores de g\u00e1s<br \/>\n<span class=\"red\">\u2022<\/span> Detectores de g\u00e1s<br \/>\n<span class=\"red\">\u2022<\/span> Reguladores<br \/>\n<span class=\"red\">\u2022<\/span> Filtros<br \/>\n<span class=\"red\">\u2022<\/span> Geradores<br \/>\n<span class=\"red\">\u2022<\/span> M\u00e1quinas diversas : curvadoras, prensas, &#8230;<br \/>\n<span class=\"red\">\u2022<\/span> Material de perfura\u00e7\u00e3o<br \/>\n<span class=\"red\">\u2022<\/span> Bombas<br \/>\n<span class=\"red\">\u2022<\/span> Sondas<br \/>\n<span class=\"red\">\u2022<\/span> V\u00e1lvulas<\/p>\n<p><em>Marcas dos produtos<\/em>\u00a0: Endress+Hauser, Vega, Cummins, Volvo, Grundfos, Desmi, SIHI, Flowserve, Festo, Atlas Copco, Spirax Sarco, Bosch Rexroth, Burkert, Multi RAE, Jumo, Ketch-All, Pentair, Kromschroder, Elster, &#8230;[\/vc_column_text][\/vc_column_inner][vc_column_inner width=&#8221;1\/3&#8243;][vc_images_carousel images=&#8221;1491,1492,1493&#8243; img_size=&#8221;full&#8221; onclick=&#8221;link_no&#8221; speed=&#8221;3000&#8243; autoplay=&#8221;yes&#8221; hide_pagination_control=&#8221;yes&#8221; hide_prev_next_buttons=&#8221;yes&#8221; wrap=&#8221;yes&#8221;][\/vc_column_inner][\/vc_row_inner][vc_empty_space][\/vc_column][\/vc_row][vc_row][vc_column][vc_empty_space][vc_column_text]Os produtos oferecidos por <span class=\"red\">Procurafrica<sup>\u00ae<\/sup><\/span> garantem <strong>qualidade<\/strong> e <strong>confiabilidade<\/strong>.<\/p>\n<p>Esta lista n\u00e3o \u00e9 exaustiva. Temos o prazer de poder fornecer um servi\u00e7o personalizado aos nossos clientes. Se o produto que procuras n\u00e3o se encontra abaixo, <a href=\"https:\/\/www.procurafrica.com\/center\/pt-pt\/contactos\/\">contacte-nos<\/a> ! Certamente podemos fornec\u00ea-lo.[\/vc_column_text][\/vc_column][\/vc_row][vc_row][vc_column][vc_empty_space][vc_column_text el_class=&#8221;button-produits-full&#8221;]<\/p>\n<p style=\"text-align: center;\">Descubra <span style=\"color: #fed424 !important;\">todos os nossos produtos<\/span><\/p>\n<p>[\/vc_column_text][vc_empty_space][\/vc_column][\/vc_row][vc_row][vc_column width=&#8221;1\/3&#8243;][vc_cta h2=&#8221;Equipamento de prote\u00e7\u00e3o&#8221; h2_font_container=&#8221;font_size:1.2em&#8221; h2_google_fonts=&#8221;font_family:Roboto%20Condensed%3A300%2C300italic%2Cregular%2Citalic%2C700%2C700italic|font_style:300%20light%20regular%3A300%3Anormal&#8221; txt_align=&#8221;center&#8221; style=&#8221;custom&#8221; add_button=&#8221;bottom&#8221; btn_title=&#8221;SAIBA MAIS&#8221; btn_style=&#8221;3d&#8221; btn_align=&#8221;center&#8221; btn_i_align=&#8221;right&#8221; btn_i_icon_fontawesome=&#8221;fa fa-angle-right&#8221; btn_button_block=&#8221;true&#8221; btn_add_icon=&#8221;true&#8221; use_custom_fonts_h2=&#8221;true&#8221; btn_link=&#8221;url:%2Fcenter%2Fpt-pt%2Fprodutos%2Fequipamentos-de-protecao||&#8221; custom_background=&#8221;#ffffff&#8221;]<br \/>\n[\/vc_cta][\/vc_column][vc_column width=&#8221;1\/3&#8243;][vc_cta h2=&#8221;Material de laborat\u00f3rio&#8221; h2_font_container=&#8221;font_size:1.2em&#8221; h2_google_fonts=&#8221;font_family:Roboto%20Condensed%3A300%2C300italic%2Cregular%2Citalic%2C700%2C700italic|font_style:300%20light%20regular%3A300%3Anormal&#8221; txt_align=&#8221;center&#8221; style=&#8221;custom&#8221; add_button=&#8221;bottom&#8221; btn_title=&#8221;SAIBA MAIS&#8221; btn_style=&#8221;3d&#8221; btn_align=&#8221;center&#8221; btn_i_align=&#8221;right&#8221; btn_i_icon_fontawesome=&#8221;fa fa-angle-right&#8221; btn_button_block=&#8221;true&#8221; btn_add_icon=&#8221;true&#8221; use_custom_fonts_h2=&#8221;true&#8221; btn_link=&#8221;url:%2Fcenter%2Fpt-pt%2Fprodutos%2Fmaterial-de-laboratorio||&#8221; custom_background=&#8221;#ffffff&#8221;]<br \/>\n[\/vc_cta][\/vc_column][vc_column width=&#8221;1\/3&#8243;][vc_cta h2=&#8221;Material de transmiss\u00e3o&#8221; h2_font_container=&#8221;font_size:1.2em&#8221; h2_google_fonts=&#8221;font_family:Roboto%20Condensed%3A300%2C300italic%2Cregular%2Citalic%2C700%2C700italic|font_style:300%20light%20regular%3A300%3Anormal&#8221; txt_align=&#8221;center&#8221; style=&#8221;custom&#8221; add_button=&#8221;bottom&#8221; btn_title=&#8221;SAIBA MAIS&#8221; btn_style=&#8221;3d&#8221; btn_align=&#8221;center&#8221; btn_i_align=&#8221;right&#8221; btn_i_icon_fontawesome=&#8221;fa fa-angle-right&#8221; btn_button_block=&#8221;true&#8221; btn_add_icon=&#8221;true&#8221; use_custom_fonts_h2=&#8221;true&#8221; btn_link=&#8221;url:%2Fcenter%2Fpt-pt%2Fprodutos%2Fmaterial-de-transmissao||&#8221; custom_background=&#8221;#ffffff&#8221;]<br \/>\n[\/vc_cta][\/vc_column][\/vc_row][vc_row][vc_column][vc_empty_space][\/vc_column][\/vc_row][vc_row][vc_column width=&#8221;1\/3&#8243;][vc_cta h2=&#8221;Material el\u00e9ctrico&#8221; h2_font_container=&#8221;font_size:1.2em&#8221; h2_google_fonts=&#8221;font_family:Roboto%20Condensed%3A300%2C300italic%2Cregular%2Citalic%2C700%2C700italic|font_style:300%20light%20regular%3A300%3Anormal&#8221; txt_align=&#8221;center&#8221; style=&#8221;custom&#8221; add_button=&#8221;bottom&#8221; btn_title=&#8221;SAIBA MAIS&#8221; btn_style=&#8221;3d&#8221; btn_align=&#8221;center&#8221; btn_i_align=&#8221;right&#8221; btn_i_icon_fontawesome=&#8221;fa fa-angle-right&#8221; btn_button_block=&#8221;true&#8221; btn_add_icon=&#8221;true&#8221; use_custom_fonts_h2=&#8221;true&#8221; btn_link=&#8221;url:%2Fcenter%2Fpt-pt%2Fprodutos%2Fmaterial-electrico||&#8221; custom_background=&#8221;#ffffff&#8221;]<br \/>\n[\/vc_cta][\/vc_column][vc_column width=&#8221;1\/3&#8243;][vc_cta h2=&#8221;Material rodante&#8221; h2_font_container=&#8221;font_size:1.2em&#8221; h2_google_fonts=&#8221;font_family:Roboto%20Condensed%3A300%2C300italic%2Cregular%2Citalic%2C700%2C700italic|font_style:300%20light%20regular%3A300%3Anormal&#8221; txt_align=&#8221;center&#8221; style=&#8221;custom&#8221; add_button=&#8221;bottom&#8221; btn_title=&#8221;SAIBA MAIS&#8221; btn_style=&#8221;3d&#8221; btn_align=&#8221;center&#8221; btn_i_align=&#8221;right&#8221; btn_i_icon_fontawesome=&#8221;fa fa-angle-right&#8221; btn_button_block=&#8221;true&#8221; btn_add_icon=&#8221;true&#8221; use_custom_fonts_h2=&#8221;true&#8221; btn_link=&#8221;url:%2Fcenter%2Fpt-pt%2Fprodutos%2Fmaterial-rodante||&#8221; custom_background=&#8221;#ffffff&#8221;]<br \/>\n[\/vc_cta][\/vc_column][vc_column width=&#8221;1\/3&#8243;][vc_cta h2=&#8221;Ferramentas&#8221; h2_font_container=&#8221;font_size:1.2em&#8221; h2_google_fonts=&#8221;font_family:Roboto%20Condensed%3A300%2C300italic%2Cregular%2Citalic%2C700%2C700italic|font_style:300%20light%20regular%3A300%3Anormal&#8221; txt_align=&#8221;center&#8221; style=&#8221;custom&#8221; add_button=&#8221;bottom&#8221; btn_title=&#8221;SAIBA MAIS&#8221; btn_style=&#8221;3d&#8221; btn_align=&#8221;center&#8221; btn_i_align=&#8221;right&#8221; btn_i_icon_fontawesome=&#8221;fa fa-angle-right&#8221; btn_button_block=&#8221;true&#8221; btn_add_icon=&#8221;true&#8221; use_custom_fonts_h2=&#8221;true&#8221; btn_link=&#8221;url:%2Fcenter%2Fpt-pt%2Fprodutos%2Fferramentas||&#8221; custom_background=&#8221;#ffffff&#8221;]<br \/>\n[\/vc_cta][\/vc_column][\/vc_row][vc_row][vc_column][vc_empty_space][\/vc_column][\/vc_row][vc_row][vc_column width=&#8221;1\/3&#8243;][vc_cta h2=&#8221;Produtos quim\u00edcos&#8221; h2_font_container=&#8221;font_size:1.2em&#8221; h2_google_fonts=&#8221;font_family:Roboto%20Condensed%3A300%2C300italic%2Cregular%2Citalic%2C700%2C700italic|font_style:300%20light%20regular%3A300%3Anormal&#8221; txt_align=&#8221;center&#8221; style=&#8221;custom&#8221; add_button=&#8221;bottom&#8221; btn_title=&#8221;SAIBA MAIS&#8221; btn_style=&#8221;3d&#8221; btn_align=&#8221;center&#8221; btn_i_align=&#8221;right&#8221; btn_i_icon_fontawesome=&#8221;fa fa-angle-right&#8221; btn_button_block=&#8221;true&#8221; btn_add_icon=&#8221;true&#8221; use_custom_fonts_h2=&#8221;true&#8221; btn_link=&#8221;url:%2Fcenter%2Fpt-pt%2Fprodutos%2Fprodutos-quimicos||&#8221; custom_background=&#8221;#ffffff&#8221;]<br \/>\n[\/vc_cta][\/vc_column][vc_column width=&#8221;1\/3&#8243;][vc_cta h2=&#8221;Equipamentos diversos&#8221; h2_font_container=&#8221;font_size:1.2em&#8221; h2_google_fonts=&#8221;font_family:Roboto%20Condensed%3A300%2C300italic%2Cregular%2Citalic%2C700%2C700italic|font_style:300%20light%20regular%3A300%3Anormal&#8221; txt_align=&#8221;center&#8221; style=&#8221;custom&#8221; add_button=&#8221;bottom&#8221; btn_title=&#8221;SAIBA MAIS&#8221; btn_style=&#8221;3d&#8221; btn_align=&#8221;center&#8221; btn_i_align=&#8221;right&#8221; btn_i_icon_fontawesome=&#8221;fa fa-angle-right&#8221; btn_button_block=&#8221;true&#8221; btn_add_icon=&#8221;true&#8221; use_custom_fonts_h2=&#8221;true&#8221; btn_link=&#8221;url:%2Fcenter%2Fpt-pt%2Fprodutos%2Fequipamentos||&#8221; custom_background=&#8221;#ffffff&#8221;]<br \/>\n[\/vc_cta][\/vc_column][vc_column width=&#8221;1\/3&#8243;][vc_cta h2=&#8221;Projetos personalizados&#8221; h2_font_container=&#8221;font_size:1.2em&#8221; h2_google_fonts=&#8221;font_family:Roboto%20Condensed%3A300%2C300italic%2Cregular%2Citalic%2C700%2C700italic|font_style:300%20light%20regular%3A300%3Anormal&#8221; txt_align=&#8221;center&#8221; style=&#8221;custom&#8221; add_button=&#8221;bottom&#8221; btn_title=&#8221;SAIBA MAIS&#8221; btn_style=&#8221;3d&#8221; btn_align=&#8221;center&#8221; btn_i_align=&#8221;right&#8221; btn_i_icon_fontawesome=&#8221;fa fa-angle-right&#8221; btn_button_block=&#8221;true&#8221; btn_add_icon=&#8221;true&#8221; use_custom_fonts_h2=&#8221;true&#8221; btn_link=&#8221;url:%2Fcenter%2Fpt-pt%2Fprodutos%2Fprojetos-personalizados||&#8221; custom_background=&#8221;#ffffff&#8221;]<br \/>\n[\/vc_cta][\/vc_column][\/vc_row]<\/p>\n","protected":false},"excerpt":{"rendered":"<p>[vc_row parallax_speed=&#8221;5&#8243; parallax_x=&#8221;0&#8243; parallax_y=&#8221;0&#8243;][vc_column][vc_column_text el_class=&#8221;titre-h1&#8243;] Equipamentos diversos [\/vc_column_text][vc_empty_space][vc_column_text] Com a for\u00e7a de seus quinze anos de experi\u00eancia, Procurafrica\u00ae j\u00e1 sem imp\u00f4s como um ator principal no suprimento de material industrial. Somos conscientes da import\u00e2ncia da qualidade e da confiabilidade dos produtos que propomos, \u00e9 com toda seguran\u00e7a que sua empresa pode adquirir o material necess\u00e1rio [&hellip;]<\/p>\n","protected":false},"author":1,"featured_media":0,"parent":1650,"menu_order":2,"comment_status":"closed","ping_status":"closed","template":"templates\/template-fullwidth.php","meta":{"_links_to":"","_links_to_target":""},"_links":{"self":[{"href":"https:\/\/www.procurafrica.com\/center\/pt-pt\/wp-json\/wp\/v2\/pages\/1665"}],"collection":[{"href":"https:\/\/www.procurafrica.com\/center\/pt-pt\/wp-json\/wp\/v2\/pages"}],"about":[{"href":"https:\/\/www.procurafrica.com\/center\/pt-pt\/wp-json\/wp\/v2\/types\/page"}],"author":[{"embeddable":true,"href":"https:\/\/www.procurafrica.com\/center\/pt-pt\/wp-json\/wp\/v2\/users\/1"}],"replies":[{"embeddable":true,"href":"https:\/\/www.procurafrica.com\/center\/pt-pt\/wp-json\/wp\/v2\/comments?post=1665"}],"version-history":[{"count":4,"href":"https:\/\/www.procurafrica.com\/center\/pt-pt\/wp-json\/wp\/v2\/pages\/1665\/revisions"}],"predecessor-version":[{"id":1727,"href":"https:\/\/www.procurafrica.com\/center\/pt-pt\/wp-json\/wp\/v2\/pages\/1665\/revisions\/1727"}],"up":[{"embeddable":true,"href":"https:\/\/www.procurafrica.com\/center\/pt-pt\/wp-json\/wp\/v2\/pages\/1650"}],"wp:attachment":[{"href":"https:\/\/www.procurafrica.com\/center\/pt-pt\/wp-json\/wp\/v2\/media?parent=1665"}],"curies":[{"name":"wp","href":"https:\/\/api.w.org\/{rel}","templated":true}]}}