{"id":1138,"date":"2015-12-02T20:12:15","date_gmt":"2015-12-02T19:12:15","guid":{"rendered":"https:\/\/www.procurafrica.com\/?page_id=1138"},"modified":"2016-01-05T22:44:54","modified_gmt":"2016-01-05T21:44:54","slug":"projets-sur-mesure","status":"publish","type":"page","link":"https:\/\/www.procurafrica.com\/center\/nos-produits\/projets-sur-mesure\/","title":{"rendered":"Projets particuliers"},"content":{"rendered":"<p>[vc_row parallax_speed=&#8221;5&#8243; parallax_x=&#8221;0&#8243; parallax_y=&#8221;0&#8243;][vc_column][vc_column_text el_class=&#8221;titre-h1&#8243;]<\/p>\n<h1 style=\"text-align: center;\">Projets particuliers<\/h1>\n<p>[\/vc_column_text][vc_empty_space][vc_column_text]<\/p>\n<p>Forte de 15 ann\u00e9es d&#8217;exp\u00e9rience, <span class=\"red\">Procurafrica<sup>\u00ae<\/sup><\/span> s&#8217;est d\u00e9j\u00e0 impos\u00e9e comme un <strong>acteur majeur de l&#8217;approvisionnement en mat\u00e9riel industriel et agricole<\/strong>. Parce que nous sommes toujours soucieux de la qualit\u00e9 et de la fiabilit\u00e9 des produits que nous vous proposons, c\u2019est en toute confiance que vous pouvez acqu\u00e9rir le mat\u00e9riel dont vous avez besoin et r\u00e9pondant \u00e0 vos exigences.<\/p>\n<p>[\/vc_column_text][vc_empty_space][\/vc_column][\/vc_row][vc_row parallax_speed=&#8221;5&#8243; parallax_x=&#8221;0&#8243; parallax_y=&#8221;0&#8243; css=&#8221;.vc_custom_1448545238228{background-color: #ffffff !important;}&#8221;][vc_column][vc_empty_space][vc_row_inner][vc_column_inner width=&#8221;2\/3&#8243;][vc_column_text]<span class=\"red\">Procurafrica<sup>\u00ae<\/sup><\/span> fournit \u00e9galement un service sur mesure. Nous sommes impliqu\u00e9s dans de nombreux projets de grande ampleur \u00e0 travers l\u2019Afrique\u00a0:<\/p>\n<p><span class=\"red\">\u2022<\/span> Am\u00e9nagement de dortoirs<br \/>\n<span class=\"red\">\u2022<\/span> Barri\u00e8res et portails de s\u00e9curit\u00e9<br \/>\n<span class=\"red\">\u2022<\/span> Briqueterie<br \/>\n<span class=\"red\">\u2022<\/span> Fabrication d\u2019isotanks pour transport p\u00e9trolier<br \/>\n<span class=\"red\">\u2022<\/span> Fermes agricoles<br \/>\n<span class=\"red\">\u2022<\/span> Infrastructures pr\u00e9fabriqu\u00e9es<br \/>\n<span class=\"red\">\u2022<\/span> Ligne d&#8217;embouteillage<br \/>\n<span class=\"red\">\u2022<\/span> Serres agricoles[\/vc_column_text][\/vc_column_inner][vc_column_inner width=&#8221;1\/3&#8243;][vc_images_carousel images=&#8221;1495,1496,1497&#8243; img_size=&#8221;full&#8221; onclick=&#8221;link_no&#8221; speed=&#8221;3000&#8243; autoplay=&#8221;yes&#8221; hide_pagination_control=&#8221;yes&#8221; hide_prev_next_buttons=&#8221;yes&#8221; wrap=&#8221;yes&#8221;][\/vc_column_inner][\/vc_row_inner][vc_empty_space][\/vc_column][\/vc_row][vc_row][vc_column][vc_empty_space][vc_column_text]Les articles que nous vous proposons vous garantiront un <strong>travail irr\u00e9prochable<\/strong>, sans concession sur la <strong>qualit\u00e9<\/strong>.<\/p>\n<p>Cette liste n&#8217;est pas exhaustive. Nous sommes fiers de pouvoir fournir un service sur demande \u00e0 nos clients. Si le produit que vous recherchez ne se trouve pas ci-dessous, <a href=\"https:\/\/www.procurafrica.com\/center\/contacter-procurafrica\/\">contactez-nous<\/a> ! Nous pouvons certainement vous le procurer.[\/vc_column_text][\/vc_column][\/vc_row][vc_row][vc_column][vc_empty_space][vc_column_text el_class=&#8221;button-produits-full&#8221;]<\/p>\n<p style=\"text-align: center;\">D\u00e9couvrez <span style=\"color: #fed424 !important;\">tous nos produits<\/span><\/p>\n<p>[\/vc_column_text][vc_empty_space][\/vc_column][\/vc_row][vc_row][vc_column width=&#8221;1\/3&#8243;][vc_cta h2=&#8221;Equipement de protection&#8221; h2_font_container=&#8221;font_size:1.2em&#8221; h2_google_fonts=&#8221;font_family:Roboto%20Condensed%3A300%2C300italic%2Cregular%2Citalic%2C700%2C700italic|font_style:300%20light%20regular%3A300%3Anormal&#8221; txt_align=&#8221;center&#8221; style=&#8221;custom&#8221; add_button=&#8221;bottom&#8221; btn_title=&#8221;EN SAVOIR PLUS&#8221; btn_style=&#8221;3d&#8221; btn_align=&#8221;center&#8221; btn_i_align=&#8221;right&#8221; btn_i_icon_fontawesome=&#8221;fa fa-angle-right&#8221; btn_button_block=&#8221;true&#8221; btn_add_icon=&#8221;true&#8221; use_custom_fonts_h2=&#8221;true&#8221; btn_link=&#8221;url:%2Fcenter%2Fnos-produits%2Fequipement-protection-individuelle%2F||&#8221; custom_background=&#8221;#ffffff&#8221;]<br \/>\n[\/vc_cta][\/vc_column][vc_column width=&#8221;1\/3&#8243;][vc_cta h2=&#8221;Materiel de laboratoire&#8221; h2_font_container=&#8221;font_size:1.2em&#8221; h2_google_fonts=&#8221;font_family:Roboto%20Condensed%3A300%2C300italic%2Cregular%2Citalic%2C700%2C700italic|font_style:300%20light%20regular%3A300%3Anormal&#8221; txt_align=&#8221;center&#8221; style=&#8221;custom&#8221; add_button=&#8221;bottom&#8221; btn_title=&#8221;EN SAVOIR PLUS&#8221; btn_style=&#8221;3d&#8221; btn_align=&#8221;center&#8221; btn_i_align=&#8221;right&#8221; btn_i_icon_fontawesome=&#8221;fa fa-angle-right&#8221; btn_button_block=&#8221;true&#8221; btn_add_icon=&#8221;true&#8221; use_custom_fonts_h2=&#8221;true&#8221; btn_link=&#8221;url:%2Fcenter%2Fnos-produits%2Fmateriel-laboratoire%2F||&#8221; custom_background=&#8221;#ffffff&#8221;]<br \/>\n[\/vc_cta][\/vc_column][vc_column width=&#8221;1\/3&#8243;][vc_cta h2=&#8221;Materiel de transmission&#8221; h2_font_container=&#8221;font_size:1.2em&#8221; h2_google_fonts=&#8221;font_family:Roboto%20Condensed%3A300%2C300italic%2Cregular%2Citalic%2C700%2C700italic|font_style:300%20light%20regular%3A300%3Anormal&#8221; txt_align=&#8221;center&#8221; style=&#8221;custom&#8221; add_button=&#8221;bottom&#8221; btn_title=&#8221;EN SAVOIR PLUS&#8221; btn_style=&#8221;3d&#8221; btn_align=&#8221;center&#8221; btn_i_align=&#8221;right&#8221; btn_i_icon_fontawesome=&#8221;fa fa-angle-right&#8221; btn_button_block=&#8221;true&#8221; btn_add_icon=&#8221;true&#8221; use_custom_fonts_h2=&#8221;true&#8221; btn_link=&#8221;url:%2Fcenter%2Fnos-produits%2Fmateriel-transmission%2F||&#8221; custom_background=&#8221;#ffffff&#8221;]<br \/>\n[\/vc_cta][\/vc_column][\/vc_row][vc_row][vc_column][vc_empty_space][\/vc_column][\/vc_row][vc_row][vc_column width=&#8221;1\/3&#8243;][vc_cta h2=&#8221;Materiel electrique&#8221; h2_font_container=&#8221;font_size:1.2em&#8221; h2_google_fonts=&#8221;font_family:Roboto%20Condensed%3A300%2C300italic%2Cregular%2Citalic%2C700%2C700italic|font_style:300%20light%20regular%3A300%3Anormal&#8221; txt_align=&#8221;center&#8221; style=&#8221;custom&#8221; add_button=&#8221;bottom&#8221; btn_title=&#8221;EN SAVOIR PLUS&#8221; btn_style=&#8221;3d&#8221; btn_align=&#8221;center&#8221; btn_i_align=&#8221;right&#8221; btn_i_icon_fontawesome=&#8221;fa fa-angle-right&#8221; btn_button_block=&#8221;true&#8221; btn_add_icon=&#8221;true&#8221; use_custom_fonts_h2=&#8221;true&#8221; btn_link=&#8221;url:%2Fcenter%2Fnos-produits%2Fmateriel-electrique%2F||&#8221; custom_background=&#8221;#ffffff&#8221;]<br \/>\n[\/vc_cta][\/vc_column][vc_column width=&#8221;1\/3&#8243;][vc_cta h2=&#8221;Materiel roulant&#8221; h2_font_container=&#8221;font_size:1.2em&#8221; h2_google_fonts=&#8221;font_family:Roboto%20Condensed%3A300%2C300italic%2Cregular%2Citalic%2C700%2C700italic|font_style:300%20light%20regular%3A300%3Anormal&#8221; txt_align=&#8221;center&#8221; style=&#8221;custom&#8221; add_button=&#8221;bottom&#8221; btn_title=&#8221;EN SAVOIR PLUS&#8221; btn_style=&#8221;3d&#8221; btn_align=&#8221;center&#8221; btn_i_align=&#8221;right&#8221; btn_i_icon_fontawesome=&#8221;fa fa-angle-right&#8221; btn_button_block=&#8221;true&#8221; btn_add_icon=&#8221;true&#8221; use_custom_fonts_h2=&#8221;true&#8221; btn_link=&#8221;url:%2Fcenter%2Fnos-produits%2Fmateriel-roulant-btp-pieces-detachees%2F||&#8221; custom_background=&#8221;#ffffff&#8221;]<br \/>\n[\/vc_cta][\/vc_column][vc_column width=&#8221;1\/3&#8243;][vc_cta h2=&#8221;Outillage&#8221; h2_font_container=&#8221;font_size:1.2em&#8221; h2_google_fonts=&#8221;font_family:Roboto%20Condensed%3A300%2C300italic%2Cregular%2Citalic%2C700%2C700italic|font_style:300%20light%20regular%3A300%3Anormal&#8221; txt_align=&#8221;center&#8221; style=&#8221;custom&#8221; add_button=&#8221;bottom&#8221; btn_title=&#8221;EN SAVOIR PLUS&#8221; btn_style=&#8221;3d&#8221; btn_align=&#8221;center&#8221; btn_i_align=&#8221;right&#8221; btn_i_icon_fontawesome=&#8221;fa fa-angle-right&#8221; btn_button_block=&#8221;true&#8221; btn_add_icon=&#8221;true&#8221; use_custom_fonts_h2=&#8221;true&#8221; btn_link=&#8221;url:%2Fcenter%2Fnos-produits%2Foutillage%2F||&#8221; custom_background=&#8221;#ffffff&#8221;]<br \/>\n[\/vc_cta][\/vc_column][\/vc_row][vc_row][vc_column][vc_empty_space][\/vc_column][\/vc_row][vc_row][vc_column width=&#8221;1\/3&#8243;][vc_cta h2=&#8221;Produits chimiques&#8221; h2_font_container=&#8221;font_size:1.2em&#8221; h2_google_fonts=&#8221;font_family:Roboto%20Condensed%3A300%2C300italic%2Cregular%2Citalic%2C700%2C700italic|font_style:300%20light%20regular%3A300%3Anormal&#8221; txt_align=&#8221;center&#8221; style=&#8221;custom&#8221; add_button=&#8221;bottom&#8221; btn_title=&#8221;EN SAVOIR PLUS&#8221; btn_style=&#8221;3d&#8221; btn_align=&#8221;center&#8221; btn_i_align=&#8221;right&#8221; btn_i_icon_fontawesome=&#8221;fa fa-angle-right&#8221; btn_button_block=&#8221;true&#8221; btn_add_icon=&#8221;true&#8221; use_custom_fonts_h2=&#8221;true&#8221; btn_link=&#8221;url:%2Fcenter%2Fnos-produits%2Fproduits-chimiques%2F||&#8221; custom_background=&#8221;#ffffff&#8221;]<br \/>\n[\/vc_cta][\/vc_column][vc_column width=&#8221;1\/3&#8243;][vc_cta h2=&#8221;Equipements divers&#8221; h2_font_container=&#8221;font_size:1.2em&#8221; h2_google_fonts=&#8221;font_family:Roboto%20Condensed%3A300%2C300italic%2Cregular%2Citalic%2C700%2C700italic|font_style:300%20light%20regular%3A300%3Anormal&#8221; txt_align=&#8221;center&#8221; style=&#8221;custom&#8221; add_button=&#8221;bottom&#8221; btn_title=&#8221;EN SAVOIR PLUS&#8221; btn_style=&#8221;3d&#8221; btn_align=&#8221;center&#8221; btn_i_align=&#8221;right&#8221; btn_i_icon_fontawesome=&#8221;fa fa-angle-right&#8221; btn_button_block=&#8221;true&#8221; btn_add_icon=&#8221;true&#8221; use_custom_fonts_h2=&#8221;true&#8221; btn_link=&#8221;url:%2Fcenter%2Fnos-produits%2Fequipement%2F||&#8221; custom_background=&#8221;#ffffff&#8221;]<br \/>\n[\/vc_cta][\/vc_column][vc_column width=&#8221;1\/3&#8243;][vc_cta h2=&#8221;Projets particuliers&#8221; h2_font_container=&#8221;font_size:1.2em&#8221; h2_google_fonts=&#8221;font_family:Roboto%20Condensed%3A300%2C300italic%2Cregular%2Citalic%2C700%2C700italic|font_style:300%20light%20regular%3A300%3Anormal&#8221; txt_align=&#8221;center&#8221; style=&#8221;custom&#8221; add_button=&#8221;bottom&#8221; btn_title=&#8221;EN SAVOIR PLUS&#8221; btn_style=&#8221;3d&#8221; btn_align=&#8221;center&#8221; btn_i_align=&#8221;right&#8221; btn_i_icon_fontawesome=&#8221;fa fa-angle-right&#8221; btn_button_block=&#8221;true&#8221; btn_add_icon=&#8221;true&#8221; use_custom_fonts_h2=&#8221;true&#8221; btn_link=&#8221;url:%2Fcenter%2Fnos-produits%2Fprojets-sur-mesure%2F||&#8221; custom_background=&#8221;#ffffff&#8221;]<br \/>\n[\/vc_cta][\/vc_column][\/vc_row]<\/p>\n","protected":false},"excerpt":{"rendered":"<p>[vc_row parallax_speed=&#8221;5&#8243; parallax_x=&#8221;0&#8243; parallax_y=&#8221;0&#8243;][vc_column][vc_column_text el_class=&#8221;titre-h1&#8243;] Projets particuliers [\/vc_column_text][vc_empty_space][vc_column_text] Forte de 15 ann\u00e9es d&#8217;exp\u00e9rience, Procurafrica\u00ae s&#8217;est d\u00e9j\u00e0 impos\u00e9e comme un acteur majeur de l&#8217;approvisionnement en mat\u00e9riel industriel et agricole. Parce que nous sommes toujours soucieux de la qualit\u00e9 et de la fiabilit\u00e9 des produits que nous vous proposons, c\u2019est en toute confiance que vous pouvez acqu\u00e9rir [&hellip;]<\/p>\n","protected":false},"author":1,"featured_media":0,"parent":17,"menu_order":2,"comment_status":"closed","ping_status":"closed","template":"templates\/template-fullwidth.php","meta":{"_links_to":"","_links_to_target":""},"_links":{"self":[{"href":"https:\/\/www.procurafrica.com\/center\/wp-json\/wp\/v2\/pages\/1138"}],"collection":[{"href":"https:\/\/www.procurafrica.com\/center\/wp-json\/wp\/v2\/pages"}],"about":[{"href":"https:\/\/www.procurafrica.com\/center\/wp-json\/wp\/v2\/types\/page"}],"author":[{"embeddable":true,"href":"https:\/\/www.procurafrica.com\/center\/wp-json\/wp\/v2\/users\/1"}],"replies":[{"embeddable":true,"href":"https:\/\/www.procurafrica.com\/center\/wp-json\/wp\/v2\/comments?post=1138"}],"version-history":[{"count":4,"href":"https:\/\/www.procurafrica.com\/center\/wp-json\/wp\/v2\/pages\/1138\/revisions"}],"predecessor-version":[{"id":1498,"href":"https:\/\/www.procurafrica.com\/center\/wp-json\/wp\/v2\/pages\/1138\/revisions\/1498"}],"up":[{"embeddable":true,"href":"https:\/\/www.procurafrica.com\/center\/wp-json\/wp\/v2\/pages\/17"}],"wp:attachment":[{"href":"https:\/\/www.procurafrica.com\/center\/wp-json\/wp\/v2\/media?parent=1138"}],"curies":[{"name":"wp","href":"https:\/\/api.w.org\/{rel}","templated":true}]}}