{"id":120,"date":"2015-04-24T04:55:23","date_gmt":"2015-04-24T03:55:23","guid":{"rendered":"https:\/\/www.procurafrica.com\/?page_id=120"},"modified":"2016-01-05T21:14:02","modified_gmt":"2016-01-05T20:14:02","slug":"pourquoi-travailler-avec-centrale-achats","status":"publish","type":"page","link":"https:\/\/www.procurafrica.com\/center\/procurafrica-centrale-achat\/pourquoi-travailler-avec-centrale-achats\/","title":{"rendered":"Pourquoi travailler avec nous ?"},"content":{"rendered":"<p>[vc_row parallax_speed=&#8221;5&#8243; parallax_x=&#8221;0&#8243; parallax_y=&#8221;0&#8243;][vc_column][vc_column_text el_class=&#8221;titre-h1&#8243;]<\/p>\n<h1 style=\"text-align: center;\">Pourquoi travailler avec une centrale d&#8217;achats ?<\/h1>\n<p>[\/vc_column_text][vc_empty_space][vc_column_text]Le r\u00f4le d\u2019une <strong>centrale d\u2019achats<\/strong> est de mutualiser les approvisionnements de nombreuses usines. Elle est donc en mesure d&#8217;acheter ses produits en grande quantit\u00e9, ce qui lui donne deux avantages majeurs :<\/p>\n<p><span class=\"red\">\u2022<\/span> Les fournisseurs voient en elle un client capital. Ils se coupent en quatre pour tenter de la satisfaire, et lui proposent leurs <strong>meilleurs produits<\/strong>.<\/p>\n<p><span class=\"red\">\u2022<\/span> La centrale d&#8217;achats peut obtenir de bien <strong>meilleurs prix<\/strong> qu&#8217;un acheteur &#8220;solitaire&#8221;.<\/p>\n<p>En d&#8217;autres termes, le potentiel financier que repr\u00e9sente une <strong>centrale d&#8217;achats<\/strong> lui procure un atout essentiel vis-\u00e0-vis des fabricants.[\/vc_column_text][vc_empty_space][vc_row_inner][vc_column_inner width=&#8221;1\/3&#8243;][vc_single_image image=&#8221;1435&#8243; img_size=&#8221;350&#215;250&#8243;][\/vc_column_inner][vc_column_inner width=&#8221;1\/3&#8243;][vc_single_image image=&#8221;1434&#8243; img_size=&#8221;350&#215;250&#8243;][\/vc_column_inner][vc_column_inner width=&#8221;1\/3&#8243;][vc_single_image image=&#8221;1433&#8243; img_size=&#8221;350&#215;250&#8243;][\/vc_column_inner][\/vc_row_inner][\/vc_column][\/vc_row][vc_row parallax_speed=&#8221;5&#8243; parallax_x=&#8221;0&#8243; parallax_y=&#8221;0&#8243; css=&#8221;.vc_custom_1430538665606{padding-top: 50px !important;padding-bottom: 30px !important;}&#8221;][vc_column][vc_tabs interval=&#8221;0&#8243;][vc_tab title=&#8221;<\/p>\n<h2>Quels sont nos r\u00f4les ?<\/h2>\n<p>&#8221; tab_id=&#8221;68da5371-2e64-2&#8243;][vc_row_inner][vc_column_inner width=&#8221;2\/3&#8243;][vc_column_text]<span class=\"red\">\u2022<\/span> En tant qu&#8217;acheteur, nous devons veiller \u00e0 <strong>satisfaire les demandes de nos clients<\/strong> en toute circonstance. Nous sommes donc tenus de nous procurer les \u00e9quipements qui sont soit indisponibles, soit trop co\u00fbteux mais qui sont pourtant n\u00e9cessaires.<\/p>\n<p><span class=\"red\">\u2022<\/span> En tant que fournisseur, nous veillons \u00e0 la <strong>qualit\u00e9 de nos produits<\/strong> et au <strong>timing de nos livraisons<\/strong>. Nous proposons \u00e9galement un service apr\u00e8s-vente aussi complet que possible, et nous mettons tout en oeuvre pour satisfaire nos clients.<\/p>\n<p>Ne pas avoir \u00e0 se pr\u00e9occuper de la cha\u00eene d&#8217;approvisionnement est un soulagement. D\u00e9barrass\u00e9 de cette contrainte logistique et administrative, vous pouvez <strong>nous faire confiance et vous concentrer enti\u00e8rement sur vos propres objectifs<\/strong>.[\/vc_column_text][\/vc_column_inner][vc_column_inner width=&#8221;1\/3&#8243;][vc_single_image image=&#8221;1437&#8243; img_size=&#8221;500&#215;600&#8243;][\/vc_column_inner][\/vc_row_inner][\/vc_tab][vc_tab title=&#8221;<\/p>\n<h2>Nos m\u00e9thodes de travail<\/h2>\n<p>&#8221; tab_id=&#8221;9f40523a-7951-1&#8243;][vc_row_inner][vc_column_inner width=&#8221;2\/3&#8243;][vc_column_text]<span class=\"red\">\u2022 Sourcing<\/span> : en tant que <strong>centrale d&#8217;achats<\/strong>, nous pouvons optimiser notre approvisionnement. Nous pouvons faire le tri entre nos fournisseurs pour choisir les plus fiables d&#8217;entre eux. Il s&#8217;agit d&#8217;un moyen de nous garantir \u00e0 la fois une qualit\u00e9 de produits irr\u00e9prochable, de m\u00eame que des co\u00fbts r\u00e9duits. S&#8217;appuyant sur nos bureaux en Europe et en Asie, nous proposons un sourcing \u00e0 partir de plusieurs zones g\u00e9ographiques importantes en fonction des projets.<\/p>\n<p><span class=\"red\">\u2022 Contr\u00f4le<\/span> : nous nous plions \u00e0 une charte de qualit\u00e9 tr\u00e8s stricte. Nous organisons des contr\u00f4les et audits r\u00e9guliers, tant aupr\u00e8s de nos fournisseurs que dans nos propres b\u00e2timents. Nous nous fixons des standards de qualit\u00e9 \u00e9lev\u00e9s, et entendons les respecter.<\/p>\n<p><span class=\"red\">\u2022 Service<\/span> : nous proposons un support avant, pendant et apr\u00e8s la proc\u00e9dure d&#8217;achat avec nos clients. Nous les informons en permanence du suivi de leurs commandes. Le respect et la transparence sont des valeurs primordiales pour <span class=\"red\">Procurafrica<sup>\u00ae<\/sup><\/span>.[\/vc_column_text][\/vc_column_inner][vc_column_inner width=&#8221;1\/3&#8243;][vc_single_image image=&#8221;1436&#8243; img_size=&#8221;500&#215;600&#8243;][\/vc_column_inner][\/vc_row_inner][\/vc_tab][\/vc_tabs][\/vc_column][\/vc_row]<\/p>\n","protected":false},"excerpt":{"rendered":"<p>[vc_row parallax_speed=&#8221;5&#8243; parallax_x=&#8221;0&#8243; parallax_y=&#8221;0&#8243;][vc_column][vc_column_text el_class=&#8221;titre-h1&#8243;] Pourquoi travailler avec une centrale d&#8217;achats ? [\/vc_column_text][vc_empty_space][vc_column_text]Le r\u00f4le d\u2019une centrale d\u2019achats est de mutualiser les approvisionnements de nombreuses usines. Elle est donc en mesure d&#8217;acheter ses produits en grande quantit\u00e9, ce qui lui donne deux avantages majeurs : \u2022 Les fournisseurs voient en elle un client capital. Ils se [&hellip;]<\/p>\n","protected":false},"author":1,"featured_media":0,"parent":312,"menu_order":1,"comment_status":"closed","ping_status":"closed","template":"templates\/template-fullwidth.php","meta":{"_links_to":"","_links_to_target":""},"_links":{"self":[{"href":"https:\/\/www.procurafrica.com\/center\/wp-json\/wp\/v2\/pages\/120"}],"collection":[{"href":"https:\/\/www.procurafrica.com\/center\/wp-json\/wp\/v2\/pages"}],"about":[{"href":"https:\/\/www.procurafrica.com\/center\/wp-json\/wp\/v2\/types\/page"}],"author":[{"embeddable":true,"href":"https:\/\/www.procurafrica.com\/center\/wp-json\/wp\/v2\/users\/1"}],"replies":[{"embeddable":true,"href":"https:\/\/www.procurafrica.com\/center\/wp-json\/wp\/v2\/comments?post=120"}],"version-history":[{"count":4,"href":"https:\/\/www.procurafrica.com\/center\/wp-json\/wp\/v2\/pages\/120\/revisions"}],"predecessor-version":[{"id":1438,"href":"https:\/\/www.procurafrica.com\/center\/wp-json\/wp\/v2\/pages\/120\/revisions\/1438"}],"up":[{"embeddable":true,"href":"https:\/\/www.procurafrica.com\/center\/wp-json\/wp\/v2\/pages\/312"}],"wp:attachment":[{"href":"https:\/\/www.procurafrica.com\/center\/wp-json\/wp\/v2\/media?parent=120"}],"curies":[{"name":"wp","href":"https:\/\/api.w.org\/{rel}","templated":true}]}}