{"id":17,"date":"2015-04-19T04:35:47","date_gmt":"2015-04-19T03:35:47","guid":{"rendered":"https:\/\/www.procurafrica.com\/?page_id=17"},"modified":"2016-02-24T20:47:16","modified_gmt":"2016-02-24T19:47:16","slug":"nos-produits","status":"publish","type":"page","link":"https:\/\/www.procurafrica.com\/center\/nos-produits\/","title":{"rendered":"Nos produits"},"content":{"rendered":"<p>[vc_row parallax_speed=&#8221;5&#8243; parallax_x=&#8221;0&#8243; parallax_y=&#8221;0&#8243;][vc_column][vc_column_text el_class=&#8221;titre-h1&#8243;]<\/p>\n<h1 style=\"text-align: center;\">Approvisionnez-vous par la centrale d&#8217;achats Procurafrica<\/h1>\n<p>[\/vc_column_text][vc_empty_space][vc_column_text]En tant que centrale d&#8217;achats, <span class=\"red\">Procurafrica<sup>\u00ae<\/sup><\/span> est en mesure de r\u00e9pondre \u00e0 la demande de ses clients pour tous les besoins en <strong>mat\u00e9riel industriel et agricole<\/strong>. Nous avons rassembl\u00e9 ici par cat\u00e9gorie les diff\u00e9rents produits d\u00e9j\u00e0 propos\u00e9s par <span class=\"red\">Procurafrica<sup>\u00ae<\/sup><\/span>.<\/p>\n<p>Cette liste n&#8217;est pas exhaustive. Nous sommes fiers de pouvoir fournir un service sur demande \u00e0 nos clients. Si le produit que vous recherchez ne se trouve pas ci-dessous, <a href=\"https:\/\/www.procurafrica.com\/center\/contacter-procurafrica\/\">contactez-nous<\/a> ! Nous pouvons certainement vous le procurer.[\/vc_column_text][vc_empty_space][\/vc_column][\/vc_row][vc_row][vc_column width=&#8221;1\/4&#8243;][vc_single_image image=&#8221;1445&#8243; img_size=&#8221;350&#215;250&#8243;][\/vc_column][vc_column width=&#8221;1\/4&#8243;][vc_single_image image=&#8221;1446&#8243; img_size=&#8221;350&#215;250&#8243;][\/vc_column][vc_column width=&#8221;1\/4&#8243;][vc_single_image image=&#8221;1447&#8243; img_size=&#8221;350&#215;250&#8243;][\/vc_column][vc_column width=&#8221;1\/4&#8243;][vc_single_image image=&#8221;1448&#8243; img_size=&#8221;350&#215;250&#8243;][\/vc_column][\/vc_row][vc_row][vc_column][vc_empty_space][\/vc_column][\/vc_row][vc_row parallax_speed=&#8221;5&#8243; parallax_x=&#8221;0&#8243; parallax_y=&#8221;0&#8243; css=&#8221;.vc_custom_1449004703365{padding-top: 10px !important;padding-right: 10px !important;padding-bottom: 10px !important;padding-left: 10px !important;background-color: #ffffff !important;}&#8221;][vc_column width=&#8221;1\/2&#8243;][vc_column_text]<\/p>\n<h2><a href=\"https:\/\/www.procurafrica.com\/center\/nos-produits\/materiel-electrique\/\">Mat\u00e9riel \u00e9lectrique<\/a><\/h2>\n<p>Il s&#8217;agit de tout l&#8217;appareillage li\u00e9 \u00e0 l&#8217;\u00e9lectrique tels que les <strong>c\u00e2bles<\/strong>, mais \u00e9galement l&#8217;<strong>\u00e9clairage<\/strong> pour vos b\u00e2timents.<br \/>\nLa qualit\u00e9 de nos articles assure des \u00e9conomies d\u2019\u00e9nergie consid\u00e9rables.[\/vc_column_text][vc_empty_space][vc_btn title=&#8221;D\u00c9COUVREZ NOTRE MAT\u00c9RIEL \u00c9LECTRIQUE&#8221; style=&#8221;3d&#8221; link=&#8221;url:%2Fcenter%2Fnos-produits%2Fmateriel-electrique%2F||&#8221;][vc_empty_space][\/vc_column][vc_column width=&#8221;1\/2&#8243;][vc_column_text]<\/p>\n<h2><a href=\"https:\/\/www.procurafrica.com\/center\/nos-produits\/materiel-transmission\/\">Mat\u00e9riel de transmission<\/a><\/h2>\n<p>Cette cat\u00e9gorie reprend divers produits tels que les <strong>roulements et paliers, courroies et poulies, cha\u00eenes<\/strong>&#8230; Nous portons une attention toute particuli\u00e8re \u00e0 la qualit\u00e9 et \u00e0 la r\u00e9sistance de ces produits.[\/vc_column_text][vc_empty_space][vc_btn title=&#8221;D\u00c9COUVREZ NOTRE MAT\u00c9RIEL DE TRANSMISSION&#8221; style=&#8221;3d&#8221; link=&#8221;url:%2Fcenter%2Fnos-produits%2Fmateriel-transmission%2F||&#8221;][vc_empty_space][\/vc_column][\/vc_row][vc_row parallax_speed=&#8221;5&#8243; parallax_x=&#8221;0&#8243; parallax_y=&#8221;0&#8243; css=&#8221;.vc_custom_1449517729204{padding-top: 10px !important;padding-right: 10px !important;padding-bottom: 10px !important;padding-left: 10px !important;background-color: #f6f6f6 !important;}&#8221;][vc_column width=&#8221;1\/2&#8243;][vc_column_text]<\/p>\n<h2><a href=\"https:\/\/www.procurafrica.com\/center\/nos-produits\/materiel-laboratoire\/\">Mat\u00e9riel de laboratoire<\/a><\/h2>\n<p>Retrouvez ici tous les produits li\u00e9s au <strong>travail en laboratoire<\/strong> : r\u00e9actifs, appareils de mesure et d&#8217;observation, verrerie&#8230;[\/vc_column_text][vc_empty_space][vc_btn title=&#8221;D\u00c9COUVREZ NOTRE MAT\u00c9RIEL DE LABORATOIRE&#8221; style=&#8221;3d&#8221; link=&#8221;url:%2Fcenter%2Fnos-produits%2Fmateriel-laboratoire%2F||&#8221;][vc_empty_space][\/vc_column][vc_column width=&#8221;1\/2&#8243;][vc_column_text]<\/p>\n<h2><a href=\"https:\/\/www.procurafrica.com\/center\/nos-produits\/produits-chimiques\/\">Produits Chimiques<\/a><\/h2>\n<p>Retrouvez ici les <strong>produits chimiques<\/strong> li\u00e9s \u00e0 votre activit\u00e9 : acides, engrais, phyto, solvants&#8230;[\/vc_column_text][vc_empty_space][vc_btn title=&#8221;D\u00c9COUVREZ NOS PRODUITS CHIMIQUES&#8221; style=&#8221;3d&#8221; link=&#8221;url:%2Fcenter%2Fnos-produits%2Fproduits-chimiques%2F||&#8221;][vc_empty_space][\/vc_column][\/vc_row][vc_row parallax_speed=&#8221;5&#8243; parallax_x=&#8221;0&#8243; parallax_y=&#8221;0&#8243; css=&#8221;.vc_custom_1456343224607{padding-top: 10px !important;padding-right: 10px !important;padding-bottom: 10px !important;padding-left: 10px !important;background-color: #ffffff !important;}&#8221;][vc_column width=&#8221;1\/2&#8243;][vc_column_text]<\/p>\n<h2><a href=\"https:\/\/www.procurafrica.com\/center\/nos-produits\/equipement\/\">\u00c9quipements divers<\/a><\/h2>\n<p>Retrouvez ici les divers \u00e9quipements dont vous avez besoin pour faire <strong>fonctionner vos usines<\/strong> : pompes, sondes, g\u00e9n\u00e9rateurs&#8230;[\/vc_column_text][vc_empty_space][vc_btn title=&#8221;D\u00c9COUVREZ NOS \u00c9QUIPEMENTS&#8221; style=&#8221;3d&#8221; link=&#8221;url:%2Fcenter%2Fnos-produits%2Fequipement%2F||&#8221;][vc_empty_space][\/vc_column][vc_column width=&#8221;1\/2&#8243;][vc_column_text]<\/p>\n<h2><a href=\"https:\/\/www.procurafrica.com\/center\/nos-produits\/outillage\/\">Outillage<\/a><\/h2>\n<p>Sous cette appellation tr\u00e8s large sont repris les <strong>outils \u00e0 usage individuel<\/strong> propos\u00e9s par <span class=\"red\">Procurafrica<sup>\u00ae<\/sup><\/span> : outillage \u00e0 main, \u00e9lectroportatif ou pneumatique.[\/vc_column_text][vc_empty_space][vc_btn title=&#8221;D\u00c9COUVREZ NOTRE OUTILLAGE&#8221; style=&#8221;3d&#8221; link=&#8221;url:%2Fcenter%2Fnos-produits%2Foutillage%2F||&#8221;][vc_empty_space][\/vc_column][\/vc_row][vc_row parallax_speed=&#8221;5&#8243; parallax_x=&#8221;0&#8243; parallax_y=&#8221;0&#8243; css=&#8221;.vc_custom_1456343235542{padding-top: 10px !important;padding-right: 10px !important;padding-bottom: 10px !important;padding-left: 10px !important;background-color: #f6f6f6 !important;}&#8221;][vc_column width=&#8221;1\/2&#8243;][vc_column_text]<\/p>\n<h2><a href=\"https:\/\/www.procurafrica.com\/center\/nos-produits\/equipement-protection-individuelle\/\">\u00c9quipement de protection individuelle (EPI)<\/a><\/h2>\n<p>Cette cat\u00e9gorie reprend l&#8217;<strong>\u00e9quipement de protection destin\u00e9 \u00e0 vos employ\u00e9s<\/strong>, tel que lunettes, gants, masques, chaussures&#8230;<br \/>\nUne gamme compl\u00e8te est disponible.[\/vc_column_text][vc_empty_space][vc_btn title=&#8221;D\u00c9COUVREZ NOTRE MAT\u00c9RIEL DE PROTECTION&#8221; style=&#8221;3d&#8221; link=&#8221;url:%2Fcenter%2Fnos-produits%2Fequipement-protection-individuelle%2F||&#8221;][vc_empty_space][\/vc_column][vc_column width=&#8221;1\/2&#8243;][vc_column_text]<\/p>\n<h2><a href=\"https:\/\/www.procurafrica.com\/center\/nos-produits\/materiel-roulant-btp-pieces-detachees\/\">Mat\u00e9riel roulant \/ Engin BTP et pi\u00e8ces d\u00e9tach\u00e9es<\/a><\/h2>\n<p>Les produits repris ici servent au <strong>transport<\/strong> ou aux <strong>travaux BTP<\/strong> : remorques, bulldozers, pelleteuses, tracteurs, isotanks,&#8230; Mais aussi motos, v\u00e9los et pi\u00e8ces d\u00e9tach\u00e9es.[\/vc_column_text][vc_empty_space][vc_btn title=&#8221;D\u00c9COUVREZ NOTRE MAT\u00c9RIEL ROULANT ET ENGINS BTP&#8221; style=&#8221;3d&#8221; link=&#8221;url:%2Fcenter%2Fnos-produits%2Fmateriel-roulant-btp-pieces-detachees%2F||&#8221;][vc_empty_space][\/vc_column][\/vc_row][vc_row parallax_speed=&#8221;5&#8243; parallax_x=&#8221;0&#8243; parallax_y=&#8221;0&#8243; css=&#8221;.vc_custom_1449004766795{padding-top: 10px !important;padding-right: 10px !important;padding-bottom: 10px !important;padding-left: 10px !important;background-color: #ffffff !important;}&#8221;][vc_column width=&#8221;1\/2&#8243;][vc_column_text]<\/p>\n<h2><a href=\"https:\/\/www.procurafrica.com\/center\/nos-produits\/projets-sur-mesure\/\">Projets particuliers<\/a><\/h2>\n<p>Retrouvez ici diverses <strong>infrastructures ou installations sur mesure<\/strong> que nous proposons \u00e0 nos clients : serres agricoles, infrastructures pr\u00e9fabriqu\u00e9es, dortoirs, lignes d\u2019embouteillage, barri\u00e8res ou portails s\u00e9curis\u00e9s.[\/vc_column_text][vc_empty_space][vc_btn title=&#8221;D\u00c9COUVREZ NOS SERVICES SUR MESURE&#8221; style=&#8221;3d&#8221; link=&#8221;url:%2Fcenter%2Fnos-produits%2Fprojets-sur-mesure%2F||&#8221;][vc_empty_space][\/vc_column][vc_column width=&#8221;1\/2&#8243;][vc_column_text]<br \/>\n[\/vc_column_text][\/vc_column][\/vc_row][vc_row][vc_column][vc_empty_space][\/vc_column][\/vc_row][vc_row][vc_column width=&#8221;1\/4&#8243;][vc_single_image image=&#8221;1449&#8243; img_size=&#8221;350&#215;250&#8243;][\/vc_column][vc_column width=&#8221;1\/4&#8243;][vc_single_image image=&#8221;1450&#8243; img_size=&#8221;350&#215;250&#8243;][\/vc_column][vc_column width=&#8221;1\/4&#8243;][vc_single_image image=&#8221;1451&#8243; img_size=&#8221;350&#215;250&#8243;][\/vc_column][vc_column width=&#8221;1\/4&#8243;][vc_single_image image=&#8221;1452&#8243; img_size=&#8221;350&#215;250&#8243;][\/vc_column][\/vc_row]<\/p>\n","protected":false},"excerpt":{"rendered":"<p>[vc_row parallax_speed=&#8221;5&#8243; parallax_x=&#8221;0&#8243; parallax_y=&#8221;0&#8243;][vc_column][vc_column_text el_class=&#8221;titre-h1&#8243;] Approvisionnez-vous par la centrale d&#8217;achats Procurafrica [\/vc_column_text][vc_empty_space][vc_column_text]En tant que centrale d&#8217;achats, Procurafrica\u00ae est en mesure de r\u00e9pondre \u00e0 la demande de ses clients pour tous les besoins en mat\u00e9riel industriel et agricole. Nous avons rassembl\u00e9 ici par cat\u00e9gorie les diff\u00e9rents produits d\u00e9j\u00e0 propos\u00e9s par Procurafrica\u00ae. Cette liste n&#8217;est pas exhaustive. [&hellip;]<\/p>\n","protected":false},"author":1,"featured_media":0,"parent":0,"menu_order":5,"comment_status":"closed","ping_status":"closed","template":"templates\/template-fullwidth.php","meta":{"_links_to":"","_links_to_target":""},"_links":{"self":[{"href":"https:\/\/www.procurafrica.com\/center\/wp-json\/wp\/v2\/pages\/17"}],"collection":[{"href":"https:\/\/www.procurafrica.com\/center\/wp-json\/wp\/v2\/pages"}],"about":[{"href":"https:\/\/www.procurafrica.com\/center\/wp-json\/wp\/v2\/types\/page"}],"author":[{"embeddable":true,"href":"https:\/\/www.procurafrica.com\/center\/wp-json\/wp\/v2\/users\/1"}],"replies":[{"embeddable":true,"href":"https:\/\/www.procurafrica.com\/center\/wp-json\/wp\/v2\/comments?post=17"}],"version-history":[{"count":4,"href":"https:\/\/www.procurafrica.com\/center\/wp-json\/wp\/v2\/pages\/17\/revisions"}],"predecessor-version":[{"id":1575,"href":"https:\/\/www.procurafrica.com\/center\/wp-json\/wp\/v2\/pages\/17\/revisions\/1575"}],"wp:attachment":[{"href":"https:\/\/www.procurafrica.com\/center\/wp-json\/wp\/v2\/media?parent=17"}],"curies":[{"name":"wp","href":"https:\/\/api.w.org\/{rel}","templated":true}]}}