{"id":2,"date":"2015-04-14T03:32:20","date_gmt":"2015-04-14T02:32:20","guid":{"rendered":"https:\/\/www.procurafrica.com\/?page_id=2"},"modified":"2021-11-23T11:46:57","modified_gmt":"2021-11-23T10:46:57","slug":"contacter-procurafrica","status":"publish","type":"page","link":"https:\/\/www.procurafrica.com\/center\/contacter-procurafrica\/","title":{"rendered":"Nous contacter"},"content":{"rendered":"<p>[vc_row][vc_column][vc_empty_space][vc_column_text el_class=&#8221;titre-h1&#8243;]<\/p>\n<h1 style=\"text-align: center;\">Contactez Procurafrica<\/h1>\n<p>[\/vc_column_text][vc_empty_space][\/vc_column][\/vc_row][vc_row][vc_column width=&#8221;1\/2&#8243;][vc_column_text]<\/p>\n<p>Vous \u00eates \u00e0 la recherche d&#8217;une <strong>centrale d&#8217;achats<\/strong> efficace en Afrique pour vos besoins en mat\u00e9riel industriel ou agricole ? N&#8217;attendez plus, contactez <span class=\"red\">Procurafrica<sup>\u00ae<\/sup><\/span> !<\/p>\n<p>[\/vc_column_text][vc_empty_space height=&#8221;16px&#8221;][vc_column_text]<\/p>\n<p>Nous pouvons \u00eatre contact\u00e9s soit\u00a0:<\/p>\n<p>[\/vc_column_text][vc_empty_space height=&#8221;16px&#8221;][vc_column_text el_class=&#8221;arrondi&#8221; css=&#8221;.vc_custom_1451934435127{background-color: #f6f6f6 !important;}&#8221;]<span class=\"red\">\u2022<\/span> Par t\u00e9l\u00e9phone au +32 (2) 318 08 00.<br \/>\n<span class=\"red\">\u2022<\/span> Par e-mail \u00e0 <a href=\"mailto:contact@procurafrica.com\">contact@procurafrica.com<\/a>.[\/vc_column_text][vc_empty_space height=&#8221;16px&#8221;][vc_single_image image=&#8221;2285&#8243; img_size=&#8221;full&#8221;][\/vc_column][vc_column width=&#8221;1\/2&#8243;][vc_column_text el_class=&#8221;arrondi&#8221; css=&#8221;.vc_custom_1449082559811{background-color: #f6f6f6 !important;}&#8221;]<\/p>\n<p><span class=\"red\">\u2022<\/span> En compl\u00e9tant le formulaire ci-dessous avec vos informations. Nous vous recontacterons rapidement.<\/p>\n<p>[\/vc_column_text][vc_empty_space height=&#8221;16px&#8221;]<div role=\"form\" class=\"wpcf7\" id=\"wpcf7-f786-o1\" lang=\"fr-FR\" dir=\"ltr\">\n<div class=\"screen-reader-response\"><p role=\"status\" aria-live=\"polite\" aria-atomic=\"true\"><\/p> <ul><\/ul><\/div>\n<form action=\"\/center\/wp-json\/wp\/v2\/pages\/2#wpcf7-f786-o1\" method=\"post\" class=\"wpcf7-form init\" novalidate=\"novalidate\" data-status=\"init\">\n<div style=\"display: none;\">\n<input type=\"hidden\" name=\"_wpcf7\" value=\"786\" \/>\n<input type=\"hidden\" name=\"_wpcf7_version\" value=\"5.5.2\" \/>\n<input type=\"hidden\" name=\"_wpcf7_locale\" value=\"fr_FR\" \/>\n<input type=\"hidden\" name=\"_wpcf7_unit_tag\" value=\"wpcf7-f786-o1\" \/>\n<input type=\"hidden\" name=\"_wpcf7_container_post\" value=\"0\" \/>\n<input type=\"hidden\" name=\"_wpcf7_posted_data_hash\" value=\"\" \/>\n<\/div>\n<p>Votre nom <span class=\"red\"><sup>*<\/sup><\/span><br \/>\n    <span class=\"wpcf7-form-control-wrap your-name\"><input type=\"text\" name=\"your-name\" value=\"\" size=\"40\" class=\"wpcf7-form-control wpcf7-text wpcf7-validates-as-required\" aria-required=\"true\" aria-invalid=\"false\" \/><\/span> <\/p>\n<p>Votre email <span class=\"red\"><sup>*<\/sup><\/span><br \/>\n    <span class=\"wpcf7-form-control-wrap your-email\"><input type=\"email\" name=\"your-email\" value=\"\" size=\"40\" class=\"wpcf7-form-control wpcf7-text wpcf7-email wpcf7-validates-as-required wpcf7-validates-as-email\" aria-required=\"true\" aria-invalid=\"false\" \/><\/span> <\/p>\n<p>Sujet<br \/>\n    <span class=\"wpcf7-form-control-wrap your-subject\"><input type=\"text\" name=\"your-subject\" value=\"\" size=\"40\" class=\"wpcf7-form-control wpcf7-text\" aria-invalid=\"false\" \/><\/span> <\/p>\n<p>Votre message<br \/>\n    <span class=\"wpcf7-form-control-wrap your-message\"><textarea name=\"your-message\" cols=\"40\" rows=\"10\" class=\"wpcf7-form-control wpcf7-textarea\" aria-invalid=\"false\"><\/textarea><\/span> <\/p>\n<p><input type=\"submit\" value=\"Envoyer\" class=\"wpcf7-form-control has-spinner wpcf7-submit\" \/><\/p>\n<div class=\"wpcf7-response-output\" aria-hidden=\"true\"><\/div><\/form><\/div>[\/vc_column][\/vc_row][vc_row parallax_speed=&#8221;5&#8243; parallax_x=&#8221;0&#8243; parallax_y=&#8221;0&#8243;][vc_column width=&#8221;1\/6&#8243;][vc_column_text]<br \/>\n[\/vc_column_text][\/vc_column][vc_column width=&#8221;2\/3&#8243; css=&#8221;.vc_custom_1430627618849{margin-top: -50px !important;}&#8221;][vc_column_text]<br \/>\n[\/vc_column_text][\/vc_column][vc_column width=&#8221;1\/6&#8243;][vc_column_text]<br \/>\n[\/vc_column_text][\/vc_column][\/vc_row][vc_row width_100=&#8221;yes&#8221; parallax_speed=&#8221;5&#8243; parallax_x=&#8221;0&#8243; parallax_y=&#8221;0&#8243;][vc_column width=&#8221;1\/6&#8243;][vc_empty_space][\/vc_column][vc_column width=&#8221;2\/3&#8243;][vc_empty_space]<div id=\"google-maps-69df319532942\" class=\"google-maps\" data-config=\"{&quot;address&quot;:&quot;Rue du Tabellion 64-66 1050 Brussels Belgium&quot;,&quot;style&quot;:&quot;blue-warter&quot;,&quot;zoomlevel&quot;:&quot;16&quot;,&quot;zoomable&quot;:true,&quot;type&quot;:&quot;roadmap&quot;,&quot;show_marker&quot;:true,&quot;draggable&quot;:true,&quot;height&quot;:&quot;400&quot;}\" data-locations=\"[&quot;&quot;,&quot;&quot;]\" style=\"height: 400px\"><\/div>[\/vc_column][vc_column width=&#8221;1\/6&#8243;][vc_empty_space][\/vc_column][\/vc_row]<\/p>\n","protected":false},"excerpt":{"rendered":"<p>[vc_row][vc_column][vc_empty_space][vc_column_text el_class=&#8221;titre-h1&#8243;] Contactez Procurafrica [\/vc_column_text][vc_empty_space][\/vc_column][\/vc_row][vc_row][vc_column width=&#8221;1\/2&#8243;][vc_column_text] Vous \u00eates \u00e0 la recherche d&#8217;une centrale d&#8217;achats efficace en Afrique pour vos besoins en mat\u00e9riel industriel ou agricole ? N&#8217;attendez plus, contactez Procurafrica\u00ae ! [\/vc_column_text][vc_empty_space height=&#8221;16px&#8221;][vc_column_text] Nous pouvons \u00eatre contact\u00e9s soit\u00a0: [\/vc_column_text][vc_empty_space height=&#8221;16px&#8221;][vc_column_text el_class=&#8221;arrondi&#8221; css=&#8221;.vc_custom_1451934435127{background-color: #f6f6f6 !important;}&#8221;]\u2022 Par t\u00e9l\u00e9phone au +32 (2) 318 08 00. \u2022 Par e-mail [&hellip;]<\/p>\n","protected":false},"author":1,"featured_media":0,"parent":0,"menu_order":6,"comment_status":"closed","ping_status":"closed","template":"templates\/template-fullwidth.php","meta":{"_links_to":"","_links_to_target":""},"_links":{"self":[{"href":"https:\/\/www.procurafrica.com\/center\/wp-json\/wp\/v2\/pages\/2"}],"collection":[{"href":"https:\/\/www.procurafrica.com\/center\/wp-json\/wp\/v2\/pages"}],"about":[{"href":"https:\/\/www.procurafrica.com\/center\/wp-json\/wp\/v2\/types\/page"}],"author":[{"embeddable":true,"href":"https:\/\/www.procurafrica.com\/center\/wp-json\/wp\/v2\/users\/1"}],"replies":[{"embeddable":true,"href":"https:\/\/www.procurafrica.com\/center\/wp-json\/wp\/v2\/comments?post=2"}],"version-history":[{"count":4,"href":"https:\/\/www.procurafrica.com\/center\/wp-json\/wp\/v2\/pages\/2\/revisions"}],"predecessor-version":[{"id":2288,"href":"https:\/\/www.procurafrica.com\/center\/wp-json\/wp\/v2\/pages\/2\/revisions\/2288"}],"wp:attachment":[{"href":"https:\/\/www.procurafrica.com\/center\/wp-json\/wp\/v2\/media?parent=2"}],"curies":[{"name":"wp","href":"https:\/\/api.w.org\/{rel}","templated":true}]}}