{"id":312,"date":"2015-05-01T13:41:33","date_gmt":"2015-05-01T12:41:33","guid":{"rendered":"https:\/\/www.procurafrica.com\/?page_id=312"},"modified":"2016-01-05T20:57:51","modified_gmt":"2016-01-05T19:57:51","slug":"procurafrica-centrale-achat","status":"publish","type":"page","link":"https:\/\/www.procurafrica.com\/center\/procurafrica-centrale-achat\/","title":{"rendered":"Qui sommes-nous ?"},"content":{"rendered":"<p>[vc_row parallax_speed=&#8221;5&#8243; parallax_x=&#8221;0&#8243; parallax_y=&#8221;0&#8243;][vc_column][vc_column_text el_class=&#8221;titre-h1&#8243;]<\/p>\n<h1 style=\"text-align: center;\">Description de Procurafrica<\/h1>\n<p>[\/vc_column_text][vc_empty_space][vc_column_text]<span class=\"red\">Procurafrica<sup>\u00ae<\/sup><\/span> est une <strong>centrale d&#8217;achats<\/strong> industriels et agricoles. Notre objectif est de rassembler en un seul lieu tous les besoins de nos clients bas\u00e9s en Afrique. Il s&#8217;agit d&#8217;un secteur dans lequel trop de fournisseurs manquent de transparence, et o\u00f9 la confiance est une denr\u00e9e rare.<\/p>\n<p>En tant que <strong>centrale d&#8217;achats<\/strong>, nous fonctionnons par <strong>achats group\u00e9s<\/strong>. De cette mani\u00e8re, nous pouvons non seulement s\u00e9lectionner nos fournisseurs, mais \u00e9galement obtenir les prix les plus concurrentiels. Nous pouvons donc assurer un service de qualit\u00e9 \u00e0 nos clients, tout en leur proposant des prix d\u00e9fiant toute concurrence. <a href=\"https:\/\/www.procurafrica.com\/center\/procurafrica-centrale-achat\/pourquoi-travailler-avec-centrale-achats\/\">Plus d&#8217;informations sur le fonctionnement d&#8217;une centrale d&#8217;achats<\/a>.[\/vc_column_text][vc_empty_space][vc_row_inner][vc_column_inner][vc_single_image image=&#8221;1424&#8243; img_size=&#8221;1100&#215;250&#8243;][\/vc_column_inner][\/vc_row_inner][\/vc_column][\/vc_row][vc_row parallax_speed=&#8221;5&#8243; parallax_x=&#8221;0&#8243; parallax_y=&#8221;0&#8243; css=&#8221;.vc_custom_1430538665606{padding-top: 50px !important;padding-bottom: 30px !important;}&#8221;][vc_column][vc_tabs interval=&#8221;0&#8243;][vc_tab title=&#8221;<\/p>\n<h2>Histoire de notre centrale d&#8217;achats<\/h2>\n<p>&#8221; tab_id=&#8221;68da5371-2e64-2&#8243;][vc_row_inner][vc_column_inner width=&#8221;2\/3&#8243;][vc_column_text]Avec plus de 15 ans d&#8217;exp\u00e9rience, <span class=\"red\">Procurafrica<sup>\u00ae<\/sup><\/span> s&#8217;est d\u00e9j\u00e0 impos\u00e9e comme un <strong>acteur majeur de l&#8217;approvisionnement en mat\u00e9riel agricole et industriel<\/strong>.<\/p>\n<p>La qualit\u00e9 reconnue de notre service nous a permis de collaborer avec de nombreux groupes \u00e0 travers le continent. Notre holding, Decisia Group, est un membre actif de la Chambre de Commerce Belgique-Luxembourg-Afrique-Cara\u00efbes-Pacifique (CBL-ACP).[\/vc_column_text][\/vc_column_inner][vc_column_inner width=&#8221;1\/3&#8243;][vc_single_image image=&#8221;1425&#8243; img_size=&#8221;500&#215;360&#8243;][\/vc_column_inner][\/vc_row_inner][\/vc_tab][vc_tab title=&#8221;<\/p>\n<h2>Valeurs d\u00e9fendues par Procurafrica<\/h2>\n<p>&#8221; tab_id=&#8221;9f40523a-7951-1&#8243;][vc_row_inner][vc_column_inner width=&#8221;2\/3&#8243;][vc_column_text]Notre centrale d&#8217;achats se veut avant tout <strong>\u00e9thique<\/strong> : nous adoptons un code moral strict vis-\u00e0-vis de nos clients, employ\u00e9s, communaut\u00e9s, mais aussi de l&#8217;environnement.<\/p>\n<p>Nous sommes <strong>r\u00e9actifs<\/strong> : nous cherchons avant tout \u00e0 comprendre les besoins de nos clients. Nous proposons des services adapt\u00e9s \u00e0 leurs demandes, et mettons tout en \u0153uvre pour r\u00e9soudre les probl\u00e8mes \u00e9ventuels.<\/p>\n<p>Nous sommes \u00e9galement <strong>soucieux de la qualit\u00e9 et des co\u00fbts<\/strong> : nous cr\u00e9ons de la valeur pour nos clients, sans aucun compromis sur la qualit\u00e9 de nos produits, ni celle de nos services.<\/p>\n<p>Enfin, <span class=\"red\">Procurafrica<sup>\u00ae<\/sup><\/span> <strong>s&#8217;axe sur les r\u00e9sultats<\/strong>. Nous cernons vos attentes et veillons \u00e0 les satisfaire. Ensuite, nous essayons de les d\u00e9passer.[\/vc_column_text][\/vc_column_inner][vc_column_inner width=&#8221;1\/3&#8243;][vc_single_image image=&#8221;1426&#8243; img_size=&#8221;500&#215;460&#8243;][\/vc_column_inner][\/vc_row_inner][\/vc_tab][\/vc_tabs][\/vc_column][\/vc_row]<\/p>\n","protected":false},"excerpt":{"rendered":"<p>[vc_row parallax_speed=&#8221;5&#8243; parallax_x=&#8221;0&#8243; parallax_y=&#8221;0&#8243;][vc_column][vc_column_text el_class=&#8221;titre-h1&#8243;] Description de Procurafrica [\/vc_column_text][vc_empty_space][vc_column_text]Procurafrica\u00ae est une centrale d&#8217;achats industriels et agricoles. Notre objectif est de rassembler en un seul lieu tous les besoins de nos clients bas\u00e9s en Afrique. Il s&#8217;agit d&#8217;un secteur dans lequel trop de fournisseurs manquent de transparence, et o\u00f9 la confiance est une denr\u00e9e rare. En [&hellip;]<\/p>\n","protected":false},"author":1,"featured_media":0,"parent":0,"menu_order":2,"comment_status":"closed","ping_status":"closed","template":"templates\/template-fullwidth.php","meta":{"_links_to":"","_links_to_target":""},"_links":{"self":[{"href":"https:\/\/www.procurafrica.com\/center\/wp-json\/wp\/v2\/pages\/312"}],"collection":[{"href":"https:\/\/www.procurafrica.com\/center\/wp-json\/wp\/v2\/pages"}],"about":[{"href":"https:\/\/www.procurafrica.com\/center\/wp-json\/wp\/v2\/types\/page"}],"author":[{"embeddable":true,"href":"https:\/\/www.procurafrica.com\/center\/wp-json\/wp\/v2\/users\/1"}],"replies":[{"embeddable":true,"href":"https:\/\/www.procurafrica.com\/center\/wp-json\/wp\/v2\/comments?post=312"}],"version-history":[{"count":3,"href":"https:\/\/www.procurafrica.com\/center\/wp-json\/wp\/v2\/pages\/312\/revisions"}],"predecessor-version":[{"id":1427,"href":"https:\/\/www.procurafrica.com\/center\/wp-json\/wp\/v2\/pages\/312\/revisions\/1427"}],"wp:attachment":[{"href":"https:\/\/www.procurafrica.com\/center\/wp-json\/wp\/v2\/media?parent=312"}],"curies":[{"name":"wp","href":"https:\/\/api.w.org\/{rel}","templated":true}]}}