{"id":358,"date":"2015-05-03T01:05:23","date_gmt":"2015-05-03T00:05:23","guid":{"rendered":"https:\/\/www.procurafrica.com\/?page_id=358"},"modified":"2024-04-04T09:33:22","modified_gmt":"2024-04-04T08:33:22","slug":"nos-marques","status":"publish","type":"page","link":"https:\/\/www.procurafrica.com\/center\/nos-marques\/","title":{"rendered":"Marques"},"content":{"rendered":"<p>[vc_row parallax_speed=&#8221;5&#8243; parallax_x=&#8221;0&#8243; parallax_y=&#8221;0&#8243;][vc_column][vc_column_text el_class=&#8221;titre-h1&#8243;]<\/p>\n<h1 style=\"text-align: center;\">Procurafrica : les plus grandes marques pour votre mat\u00e9riel industriel et agricole<\/h1>\n<p>[\/vc_column_text][vc_empty_space][vc_column_text]<span class=\"red\">Procurafrica<sup>\u00ae<\/sup><\/span> offre du mat\u00e9riel industriel et agricole de qualit\u00e9, fabriqu\u00e9 par <strong>les plus grandes marques<\/strong>.<br \/>\nNotre centrale d&#8217;achats est en mesure de vous proposer, entre autres, du mat\u00e9riel des marques suivantes :[\/vc_column_text][vc_empty_space][\/vc_column][\/vc_row][vc_row parallax_speed=&#8221;5&#8243; parallax_x=&#8221;0&#8243; parallax_y=&#8221;0&#8243; css=&#8221;.vc_custom_1450306735960{background-color: #ffffff !important;}&#8221;][vc_column width=&#8221;1\/6&#8243;][vc_single_image image=&#8221;1342&#8243; img_size=&#8221;full&#8221; alignment=&#8221;center&#8221;][\/vc_column][vc_column width=&#8221;1\/6&#8243;][vc_single_image image=&#8221;1100&#8243; img_size=&#8221;full&#8221; alignment=&#8221;center&#8221;][\/vc_column][vc_column width=&#8221;1\/6&#8243;][vc_single_image image=&#8221;1099&#8243; img_size=&#8221;full&#8221; alignment=&#8221;center&#8221;][\/vc_column][vc_column width=&#8221;1\/6&#8243;][vc_single_image image=&#8221;1098&#8243; img_size=&#8221;full&#8221; alignment=&#8221;center&#8221;][\/vc_column][vc_column width=&#8221;1\/6&#8243;][vc_single_image image=&#8221;1097&#8243; img_size=&#8221;full&#8221; alignment=&#8221;center&#8221;][\/vc_column][vc_column width=&#8221;1\/6&#8243;][vc_single_image image=&#8221;1096&#8243; img_size=&#8221;full&#8221; alignment=&#8221;center&#8221;][\/vc_column][\/vc_row][vc_row][vc_column][vc_empty_space][\/vc_column][\/vc_row][vc_row parallax_speed=&#8221;5&#8243; parallax_x=&#8221;0&#8243; parallax_y=&#8221;0&#8243; css=&#8221;.vc_custom_1450306760241{background-color: #ffffff !important;}&#8221;][vc_column width=&#8221;1\/6&#8243;][vc_single_image image=&#8221;1095&#8243; img_size=&#8221;full&#8221; alignment=&#8221;center&#8221;][\/vc_column][vc_column width=&#8221;1\/6&#8243;][vc_single_image image=&#8221;1094&#8243; img_size=&#8221;full&#8221; alignment=&#8221;center&#8221;][\/vc_column][vc_column width=&#8221;1\/6&#8243;][vc_single_image image=&#8221;1093&#8243; img_size=&#8221;full&#8221; alignment=&#8221;center&#8221;][\/vc_column][vc_column width=&#8221;1\/6&#8243;][vc_single_image image=&#8221;1092&#8243; img_size=&#8221;full&#8221; alignment=&#8221;center&#8221;][\/vc_column][vc_column width=&#8221;1\/6&#8243;][vc_single_image image=&#8221;1091&#8243; img_size=&#8221;full&#8221; alignment=&#8221;center&#8221;][\/vc_column][vc_column width=&#8221;1\/6&#8243;][vc_single_image image=&#8221;1090&#8243; img_size=&#8221;full&#8221; alignment=&#8221;center&#8221;][\/vc_column][\/vc_row][vc_row][vc_column][vc_empty_space][\/vc_column][\/vc_row][vc_row parallax_speed=&#8221;5&#8243; parallax_x=&#8221;0&#8243; parallax_y=&#8221;0&#8243; css=&#8221;.vc_custom_1450306768364{background-color: #ffffff !important;}&#8221;][vc_column width=&#8221;1\/6&#8243;][vc_single_image image=&#8221;1089&#8243; img_size=&#8221;full&#8221; alignment=&#8221;center&#8221;][\/vc_column][vc_column width=&#8221;1\/6&#8243;][vc_single_image image=&#8221;1088&#8243; img_size=&#8221;full&#8221; alignment=&#8221;center&#8221;][\/vc_column][vc_column width=&#8221;1\/6&#8243;][vc_single_image image=&#8221;1087&#8243; img_size=&#8221;full&#8221; alignment=&#8221;center&#8221;][\/vc_column][vc_column width=&#8221;1\/6&#8243;][vc_single_image image=&#8221;1086&#8243; img_size=&#8221;full&#8221; alignment=&#8221;center&#8221;][\/vc_column][vc_column width=&#8221;1\/6&#8243;][vc_single_image image=&#8221;1085&#8243; img_size=&#8221;full&#8221; alignment=&#8221;center&#8221;][\/vc_column][vc_column width=&#8221;1\/6&#8243;][vc_single_image image=&#8221;1084&#8243; img_size=&#8221;full&#8221; alignment=&#8221;center&#8221;][\/vc_column][\/vc_row][vc_row][vc_column][vc_empty_space][\/vc_column][\/vc_row][vc_row parallax_speed=&#8221;5&#8243; parallax_x=&#8221;0&#8243; parallax_y=&#8221;0&#8243; css=&#8221;.vc_custom_1450306776824{background-color: #ffffff !important;}&#8221;][vc_column width=&#8221;1\/6&#8243;][vc_single_image image=&#8221;1083&#8243; img_size=&#8221;full&#8221; alignment=&#8221;center&#8221;][\/vc_column][vc_column width=&#8221;1\/6&#8243;][vc_single_image image=&#8221;1082&#8243; img_size=&#8221;full&#8221; alignment=&#8221;center&#8221;][\/vc_column][vc_column width=&#8221;1\/6&#8243;][vc_single_image image=&#8221;1758&#8243; img_size=&#8221;full&#8221; alignment=&#8221;center&#8221;][\/vc_column][vc_column width=&#8221;1\/6&#8243;][vc_single_image image=&#8221;1080&#8243; img_size=&#8221;full&#8221; alignment=&#8221;center&#8221;][\/vc_column][vc_column width=&#8221;1\/6&#8243;][vc_single_image image=&#8221;1079&#8243; img_size=&#8221;full&#8221; alignment=&#8221;center&#8221;][\/vc_column][vc_column width=&#8221;1\/6&#8243;][vc_single_image image=&#8221;1078&#8243; img_size=&#8221;full&#8221; alignment=&#8221;center&#8221;][\/vc_column][\/vc_row][vc_row][vc_column][vc_empty_space][\/vc_column][\/vc_row][vc_row parallax_speed=&#8221;5&#8243; parallax_x=&#8221;0&#8243; parallax_y=&#8221;0&#8243; css=&#8221;.vc_custom_1450306784007{background-color: #ffffff !important;}&#8221;][vc_column width=&#8221;1\/6&#8243;][vc_single_image image=&#8221;1077&#8243; img_size=&#8221;full&#8221; alignment=&#8221;center&#8221;][\/vc_column][vc_column width=&#8221;1\/6&#8243;][vc_single_image image=&#8221;1076&#8243; img_size=&#8221;full&#8221; alignment=&#8221;center&#8221;][\/vc_column][vc_column width=&#8221;1\/6&#8243;][vc_single_image image=&#8221;1075&#8243; img_size=&#8221;full&#8221; alignment=&#8221;center&#8221;][\/vc_column][vc_column width=&#8221;1\/6&#8243;][vc_single_image image=&#8221;1074&#8243; img_size=&#8221;full&#8221; alignment=&#8221;center&#8221;][\/vc_column][vc_column width=&#8221;1\/6&#8243;][vc_single_image image=&#8221;1073&#8243; img_size=&#8221;full&#8221; alignment=&#8221;center&#8221;][\/vc_column][vc_column width=&#8221;1\/6&#8243;][vc_single_image image=&#8221;1072&#8243; img_size=&#8221;full&#8221; alignment=&#8221;center&#8221;][\/vc_column][\/vc_row][vc_row][vc_column][vc_empty_space][\/vc_column][\/vc_row][vc_row parallax_speed=&#8221;5&#8243; parallax_x=&#8221;0&#8243; parallax_y=&#8221;0&#8243; css=&#8221;.vc_custom_1450306792644{background-color: #ffffff !important;}&#8221;][vc_column width=&#8221;1\/6&#8243;][vc_single_image image=&#8221;1071&#8243; img_size=&#8221;full&#8221; alignment=&#8221;center&#8221;][\/vc_column][vc_column width=&#8221;1\/6&#8243;][vc_single_image image=&#8221;1070&#8243; img_size=&#8221;full&#8221; alignment=&#8221;center&#8221;][\/vc_column][vc_column width=&#8221;1\/6&#8243;][vc_single_image image=&#8221;1069&#8243; img_size=&#8221;full&#8221; alignment=&#8221;center&#8221;][\/vc_column][vc_column width=&#8221;1\/6&#8243;][vc_single_image image=&#8221;1068&#8243; img_size=&#8221;full&#8221; alignment=&#8221;center&#8221;][\/vc_column][vc_column width=&#8221;1\/6&#8243;][vc_single_image image=&#8221;1067&#8243; img_size=&#8221;full&#8221; alignment=&#8221;center&#8221;][\/vc_column][vc_column width=&#8221;1\/6&#8243;][vc_single_image image=&#8221;1066&#8243; img_size=&#8221;full&#8221; alignment=&#8221;center&#8221;][\/vc_column][\/vc_row][vc_row][vc_column][vc_empty_space][\/vc_column][\/vc_row][vc_row parallax_speed=&#8221;5&#8243; parallax_x=&#8221;0&#8243; parallax_y=&#8221;0&#8243; css=&#8221;.vc_custom_1450306799218{background-color: #ffffff !important;}&#8221;][vc_column width=&#8221;1\/6&#8243;][vc_single_image image=&#8221;1065&#8243; img_size=&#8221;full&#8221; alignment=&#8221;center&#8221;][\/vc_column][vc_column width=&#8221;1\/6&#8243;][vc_single_image image=&#8221;1064&#8243; img_size=&#8221;full&#8221; alignment=&#8221;center&#8221;][\/vc_column][vc_column width=&#8221;1\/6&#8243;][vc_single_image image=&#8221;1345&#8243; img_size=&#8221;full&#8221; alignment=&#8221;center&#8221;][\/vc_column][vc_column width=&#8221;1\/6&#8243;][vc_single_image image=&#8221;1346&#8243; img_size=&#8221;full&#8221; alignment=&#8221;center&#8221;][\/vc_column][vc_column width=&#8221;1\/6&#8243;][vc_single_image image=&#8221;1347&#8243; img_size=&#8221;full&#8221; alignment=&#8221;center&#8221;][\/vc_column][vc_column width=&#8221;1\/6&#8243;][vc_single_image image=&#8221;1747&#8243; img_size=&#8221;full&#8221; alignment=&#8221;center&#8221;][\/vc_column][\/vc_row][vc_row][vc_column][vc_empty_space][\/vc_column][\/vc_row][vc_row parallax_speed=&#8221;5&#8243; parallax_x=&#8221;0&#8243; parallax_y=&#8221;0&#8243; css=&#8221;.vc_custom_1450306799218{background-color: #ffffff !important;}&#8221;][vc_column width=&#8221;1\/6&#8243;][vc_single_image image=&#8221;1749&#8243; img_size=&#8221;full&#8221; alignment=&#8221;center&#8221;][\/vc_column][vc_column width=&#8221;1\/6&#8243;][vc_single_image image=&#8221;1759&#8243; img_size=&#8221;full&#8221; alignment=&#8221;center&#8221;][\/vc_column][vc_column width=&#8221;1\/6&#8243;][vc_single_image image=&#8221;1351&#8243; img_size=&#8221;full&#8221; alignment=&#8221;center&#8221;][\/vc_column][vc_column width=&#8221;1\/6&#8243;][vc_single_image image=&#8221;1352&#8243; img_size=&#8221;full&#8221; alignment=&#8221;center&#8221;][\/vc_column][vc_column width=&#8221;1\/6&#8243;][vc_single_image image=&#8221;1353&#8243; img_size=&#8221;full&#8221; alignment=&#8221;center&#8221;][\/vc_column][vc_column width=&#8221;1\/6&#8243;][vc_single_image image=&#8221;1354&#8243; img_size=&#8221;full&#8221; alignment=&#8221;center&#8221;][\/vc_column][\/vc_row][vc_row][vc_column][vc_empty_space][\/vc_column][\/vc_row][vc_row parallax_speed=&#8221;5&#8243; parallax_x=&#8221;0&#8243; parallax_y=&#8221;0&#8243; css=&#8221;.vc_custom_1450306799218{background-color: #ffffff !important;}&#8221;][vc_column width=&#8221;1\/6&#8243;][vc_single_image image=&#8221;1355&#8243; img_size=&#8221;full&#8221; alignment=&#8221;center&#8221;][\/vc_column][vc_column width=&#8221;1\/6&#8243;][vc_single_image image=&#8221;1356&#8243; img_size=&#8221;full&#8221; alignment=&#8221;center&#8221;][\/vc_column][vc_column width=&#8221;1\/6&#8243;][vc_single_image image=&#8221;1357&#8243; img_size=&#8221;full&#8221; alignment=&#8221;center&#8221;][\/vc_column][vc_column width=&#8221;1\/6&#8243;][vc_single_image image=&#8221;1359&#8243; img_size=&#8221;full&#8221; alignment=&#8221;center&#8221;][\/vc_column][vc_column width=&#8221;1\/6&#8243;][vc_single_image image=&#8221;1360&#8243; img_size=&#8221;full&#8221; alignment=&#8221;center&#8221;][\/vc_column][vc_column width=&#8221;1\/6&#8243;][vc_single_image image=&#8221;1361&#8243; img_size=&#8221;full&#8221; alignment=&#8221;center&#8221;][\/vc_column][\/vc_row][vc_row][vc_column][vc_empty_space][\/vc_column][\/vc_row][vc_row parallax_speed=&#8221;5&#8243; parallax_x=&#8221;0&#8243; parallax_y=&#8221;0&#8243; css=&#8221;.vc_custom_1450306799218{background-color: #ffffff !important;}&#8221;][vc_column width=&#8221;1\/6&#8243;][vc_single_image image=&#8221;1750&#8243; img_size=&#8221;full&#8221; alignment=&#8221;center&#8221;][\/vc_column][vc_column width=&#8221;1\/6&#8243;][vc_single_image image=&#8221;1363&#8243; img_size=&#8221;full&#8221; alignment=&#8221;center&#8221;][\/vc_column][vc_column width=&#8221;1\/6&#8243;][vc_single_image image=&#8221;1364&#8243; img_size=&#8221;full&#8221; alignment=&#8221;center&#8221;][\/vc_column][vc_column width=&#8221;1\/6&#8243;][vc_single_image image=&#8221;1751&#8243; img_size=&#8221;full&#8221; alignment=&#8221;center&#8221;][\/vc_column][vc_column width=&#8221;1\/6&#8243;][vc_single_image image=&#8221;1752&#8243; img_size=&#8221;full&#8221; alignment=&#8221;center&#8221;][\/vc_column][vc_column width=&#8221;1\/6&#8243;][vc_single_image image=&#8221;1367&#8243; img_size=&#8221;full&#8221; alignment=&#8221;center&#8221;][\/vc_column][\/vc_row][vc_row][vc_column][vc_empty_space][\/vc_column][\/vc_row][vc_row parallax_speed=&#8221;5&#8243; parallax_x=&#8221;0&#8243; parallax_y=&#8221;0&#8243; css=&#8221;.vc_custom_1450306799218{background-color: #ffffff !important;}&#8221;][vc_column width=&#8221;1\/6&#8243;][vc_single_image image=&#8221;1753&#8243; img_size=&#8221;full&#8221; alignment=&#8221;center&#8221;][\/vc_column][vc_column width=&#8221;1\/6&#8243;][vc_single_image image=&#8221;1369&#8243; img_size=&#8221;full&#8221; alignment=&#8221;center&#8221;][\/vc_column][vc_column width=&#8221;1\/6&#8243;][vc_single_image image=&#8221;1370&#8243; img_size=&#8221;full&#8221; alignment=&#8221;center&#8221;][\/vc_column][vc_column width=&#8221;1\/6&#8243;][vc_single_image image=&#8221;1371&#8243; img_size=&#8221;full&#8221; alignment=&#8221;center&#8221;][\/vc_column][vc_column width=&#8221;1\/6&#8243;][vc_single_image image=&#8221;1372&#8243; img_size=&#8221;full&#8221; alignment=&#8221;center&#8221;][\/vc_column][vc_column width=&#8221;1\/6&#8243;][vc_single_image image=&#8221;1373&#8243; img_size=&#8221;full&#8221; alignment=&#8221;center&#8221;][\/vc_column][\/vc_row][vc_row][vc_column][vc_empty_space][\/vc_column][\/vc_row][vc_row parallax_speed=&#8221;5&#8243; parallax_x=&#8221;0&#8243; parallax_y=&#8221;0&#8243; css=&#8221;.vc_custom_1450306799218{background-color: #ffffff !important;}&#8221;][vc_column width=&#8221;1\/6&#8243;][vc_single_image image=&#8221;1374&#8243; img_size=&#8221;full&#8221; alignment=&#8221;center&#8221;][\/vc_column][vc_column width=&#8221;1\/6&#8243;][vc_single_image image=&#8221;1375&#8243; img_size=&#8221;full&#8221; alignment=&#8221;center&#8221;][\/vc_column][vc_column width=&#8221;1\/6&#8243;][vc_single_image image=&#8221;1754&#8243; img_size=&#8221;full&#8221; alignment=&#8221;center&#8221;][\/vc_column][vc_column width=&#8221;1\/6&#8243;][vc_single_image image=&#8221;1755&#8243; img_size=&#8221;full&#8221; alignment=&#8221;center&#8221;][\/vc_column][vc_column width=&#8221;1\/6&#8243;][vc_single_image image=&#8221;1756&#8243; img_size=&#8221;full&#8221; alignment=&#8221;center&#8221;][\/vc_column][vc_column width=&#8221;1\/6&#8243;][vc_single_image image=&#8221;1379&#8243; img_size=&#8221;full&#8221; alignment=&#8221;center&#8221;][\/vc_column][\/vc_row][vc_row][vc_column][vc_empty_space][\/vc_column][\/vc_row][vc_row parallax_speed=&#8221;5&#8243; parallax_x=&#8221;0&#8243; parallax_y=&#8221;0&#8243; css=&#8221;.vc_custom_1450306799218{background-color: #ffffff !important;}&#8221;][vc_column width=&#8221;1\/6&#8243;][vc_single_image image=&#8221;1380&#8243; img_size=&#8221;full&#8221; alignment=&#8221;center&#8221;][\/vc_column][vc_column width=&#8221;1\/6&#8243;][vc_single_image image=&#8221;1381&#8243; img_size=&#8221;full&#8221; alignment=&#8221;center&#8221;][\/vc_column][vc_column width=&#8221;1\/6&#8243;][vc_single_image image=&#8221;1382&#8243; img_size=&#8221;full&#8221; alignment=&#8221;center&#8221;][\/vc_column][vc_column width=&#8221;1\/6&#8243;][vc_single_image image=&#8221;1757&#8243; img_size=&#8221;full&#8221; alignment=&#8221;center&#8221;][vc_column_text]<\/p>\n<p>&nbsp;<\/p>\n<p>[\/vc_column_text][\/vc_column][vc_column width=&#8221;1\/6&#8243;][vc_column_text]<\/p>\n<p>&nbsp;<\/p>\n<p>[\/vc_column_text][\/vc_column][vc_column width=&#8221;1\/6&#8243;][vc_column_text]<\/p>\n<p>&nbsp;<\/p>\n<p>[\/vc_column_text][\/vc_column][\/vc_row][vc_row][vc_column][vc_empty_space][vc_column_text]<\/p>\n<p>La marque que vous cherchez ne se trouve pas dans cette liste ? <a href=\"https:\/\/www.procurafrica.com\/center\/contacter-procurafrica\">Contactez-nous<\/a> ! Sp\u00e9cialis\u00e9s dans le service sur mesure, nous mettons tout en oeuvre pour satisfaire vos demandes.<\/p>\n<p>[\/vc_column_text][\/vc_column][\/vc_row]<\/p>\n","protected":false},"excerpt":{"rendered":"<p>[vc_row parallax_speed=&#8221;5&#8243; parallax_x=&#8221;0&#8243; parallax_y=&#8221;0&#8243;][vc_column][vc_column_text el_class=&#8221;titre-h1&#8243;] Procurafrica : les plus grandes marques pour votre mat\u00e9riel industriel et agricole [\/vc_column_text][vc_empty_space][vc_column_text]Procurafrica\u00ae offre du mat\u00e9riel industriel et agricole de qualit\u00e9, fabriqu\u00e9 par les plus grandes marques. Notre centrale d&#8217;achats est en mesure de vous proposer, entre autres, du mat\u00e9riel des marques suivantes :[\/vc_column_text][vc_empty_space][\/vc_column][\/vc_row][vc_row parallax_speed=&#8221;5&#8243; parallax_x=&#8221;0&#8243; parallax_y=&#8221;0&#8243; css=&#8221;.vc_custom_1450306735960{background-color: #ffffff !important;}&#8221;][vc_column [&hellip;]<\/p>\n","protected":false},"author":1,"featured_media":0,"parent":0,"menu_order":3,"comment_status":"closed","ping_status":"closed","template":"templates\/template-fullwidth.php","meta":{"_links_to":"","_links_to_target":""},"_links":{"self":[{"href":"https:\/\/www.procurafrica.com\/center\/wp-json\/wp\/v2\/pages\/358"}],"collection":[{"href":"https:\/\/www.procurafrica.com\/center\/wp-json\/wp\/v2\/pages"}],"about":[{"href":"https:\/\/www.procurafrica.com\/center\/wp-json\/wp\/v2\/types\/page"}],"author":[{"embeddable":true,"href":"https:\/\/www.procurafrica.com\/center\/wp-json\/wp\/v2\/users\/1"}],"replies":[{"embeddable":true,"href":"https:\/\/www.procurafrica.com\/center\/wp-json\/wp\/v2\/comments?post=358"}],"version-history":[{"count":4,"href":"https:\/\/www.procurafrica.com\/center\/wp-json\/wp\/v2\/pages\/358\/revisions"}],"predecessor-version":[{"id":2316,"href":"https:\/\/www.procurafrica.com\/center\/wp-json\/wp\/v2\/pages\/358\/revisions\/2316"}],"wp:attachment":[{"href":"https:\/\/www.procurafrica.com\/center\/wp-json\/wp\/v2\/media?parent=358"}],"curies":[{"name":"wp","href":"https:\/\/api.w.org\/{rel}","templated":true}]}}