{"id":92,"date":"2015-04-22T15:47:01","date_gmt":"2015-04-22T14:47:01","guid":{"rendered":"https:\/\/www.procurafrica.com\/?page_id=92"},"modified":"2021-11-22T21:34:49","modified_gmt":"2021-11-22T20:34:49","slug":"accueil","status":"publish","type":"page","link":"https:\/\/www.procurafrica.com\/center\/","title":{"rendered":"Accueil"},"content":{"rendered":"<p>[vc_row width_100=&#8221;yes&#8221; parallax_speed=&#8221;5&#8243; parallax_x=&#8221;0&#8243; parallax_y=&#8221;0&#8243; el_class=&#8221;mobile_no_margin_bot&#8221;][vc_column][rev_slider_vc alias=&#8221;accueil&#8221;][\/vc_column][\/vc_row][vc_row parallax_speed=&#8221;5&#8243; parallax_x=&#8221;0&#8243; parallax_y=&#8221;0&#8243; css=&#8221;.vc_custom_1447235486274{background-color: #ffffff !important;}&#8221;][vc_column][vc_empty_space][vc_column_text el_class=&#8221;titre-h1&#8243;]<\/p>\n<h1 style=\"text-align: center;\"><strong>Centrale d&#8217;achats pour l&#8217;Afrique<\/strong><br \/>\nProcurafrica : B\u00e2tisseuse de l\u2019Afrique industrielle<\/h1>\n<p>[\/vc_column_text][vc_empty_space][vc_column_text]<\/p>\n<p><span class=\"red\">Procurafrica<sup>\u00ae<\/sup><\/span> est une <strong>centrale d&#8217;achats qui a pour objectif de fournir du mat\u00e9riel industriel et agricole de qualit\u00e9 \u00e0 nos partenaires en Afrique<\/strong>. En plus de la qualit\u00e9 reconnue de nos produits, notre politique d&#8217;achats group\u00e9s nous permet de proposer des prix d\u00e9fiant toute concurrence.<\/p>\n<p>[\/vc_column_text][vc_empty_space height=&#8221;10px&#8221;][vc_column_text css=&#8221;.vc_custom_1451325910278{padding-top: 10px !important;padding-right: 10px !important;padding-bottom: 10px !important;padding-left: 10px !important;background-color: #f6f6f6 !important;}&#8221; el_class=&#8221;arrondi&#8221;]<\/p>\n<p style=\"text-align: center;\">En 15 ans, les valeurs d&#8217;\u00e9thique et de respect d\u00e9fendues par <span class=\"red\">Procurafrica<sup>\u00ae<\/sup><\/span> nous ont permis de collaborer avec de multiples compagnies dans plus de 20 pays d&#8217;Afrique. <a href=\"https:\/\/www.procurafrica.com\/center\/centrale-achats-pays-afrique\/\">Retrouvez ici la liste des pays dans lesquels <span class=\"red\">Procurafrica<sup>\u00ae<\/sup><\/span> est d\u00e9j\u00e0 active<\/a>.<\/p>\n<p>[\/vc_column_text][vc_empty_space height=&#8221;10px&#8221;][vc_column_text]<\/p>\n<p><span class=\"red\">Procurafrica<sup>\u00ae<\/sup><\/span> b\u00e9n\u00e9ficie d\u2019une pr\u00e9sence \u00e0 l\u2019international pour \u00eatre au plus pr\u00e8s de nos fournisseurs et pour saisir les meilleures opportunit\u00e9s pour nos clients.<\/p>\n<p>[\/vc_column_text][vc_row_inner][vc_column_inner width=&#8221;1\/2&#8243;][vc_column_text]<\/p>\n<h2>Des achats group\u00e9s au service de votre entreprise<\/h2>\n<p>[\/vc_column_text][vc_empty_space][vc_column_text]Gr\u00e2ce \u00e0 notre politique d&#8217;achats group\u00e9s et \u00e0 notre exp\u00e9rience dans l&#8217;approvisionnement en mat\u00e9riel industriel et agricole, nous sommes \u00e0 m\u00eame de <strong>r\u00e9duire vos co\u00fbts d&#8217;approvisionnement<\/strong> tout en <strong>am\u00e9liorant votre proc\u00e9dure d&#8217;achat<\/strong>. D\u00e9barrass\u00e9 de ces contraintes, vous pouvez enti\u00e8rement vous concentrer sur votre mission.<\/p>\n<p>Nos valeurs vont au-del\u00e0 de la simple optimisation des co\u00fbts. Notre centrale d&#8217;achats met tout en \u0153uvre pour m\u00e9riter votre confiance et d\u00e9passer vos attentes. Que ce soit vis-\u00e0-vis de nos employ\u00e9s ou de nos clients, nous d\u00e9fendons des valeurs de respect et de qualit\u00e9.[\/vc_column_text][\/vc_column_inner][vc_column_inner width=&#8221;1\/2&#8243;][vc_column_text]<\/p>\n<h2>Un service et des produits de qualit\u00e9<\/h2>\n<p>[\/vc_column_text][vc_empty_space][vc_column_text]Nous effectuons un contr\u00f4le permanent aupr\u00e8s de nos fournisseurs et de nos collaborateurs afin de nous assurer que nos produits soient irr\u00e9prochables. Notre service apr\u00e8s-vente est \u00e0 votre \u00e9coute et r\u00e9pondra rapidement \u00e0 toutes vos questions.<\/p>\n<p>Mettre tout notre savoir-faire \u00e0 votre service, voil\u00e0 la mission de <span class=\"red\">Procurafrica<sup>\u00ae<\/sup><\/span>.[\/vc_column_text][\/vc_column_inner][\/vc_row_inner][vc_empty_space][\/vc_column][\/vc_row][vc_row parallax_speed=&#8221;5&#8243; parallax_x=&#8221;0&#8243; parallax_y=&#8221;0&#8243; css=&#8221;.vc_custom_1447235500864{padding-top: 50px !important;padding-bottom: 50px !important;background-color: #f6f6f6 !important;}&#8221;][vc_column width=&#8221;1\/3&#8243;][vc_single_image image=&#8221;1429&#8243; img_size=&#8221;350&#215;250&#8243; alignment=&#8221;center&#8221; onclick=&#8221;custom_link&#8221; link=&#8221;\/center\/procurafrica-centrale-achat\/pourquoi-travailler-avec-centrale-achats\/&#8221;][vc_column_text el_class=&#8221;box-vignette&#8221;]<\/p>\n<p><a class=\"title-white\" href=\"https:\/\/www.procurafrica.com\/center\/procurafrica-centrale-achat\/pourquoi-travailler-avec-centrale-achats\/\">Pourquoi <span class=\"yellow\">Procurafrica<\/span><\/a><\/p>\n<p>[\/vc_column_text][\/vc_column][vc_column width=&#8221;1\/3&#8243;][vc_single_image image=&#8221;1430&#8243; img_size=&#8221;350&#215;250&#8243; alignment=&#8221;center&#8221; onclick=&#8221;custom_link&#8221; link=&#8221;\/center\/procurafrica-centrale-achat\/&#8221;][vc_column_text el_class=&#8221;box-vignette&#8221;]<\/p>\n<p><a class=\"title-white\" href=\"https:\/\/www.procurafrica.com\/center\/procurafrica-centrale-achat\/\">Nos <span class=\"yellow\">valeurs<\/span><\/a><\/p>\n<p>[\/vc_column_text][\/vc_column][vc_column width=&#8221;1\/3&#8243;][vc_single_image image=&#8221;1431&#8243; img_size=&#8221;350&#215;250&#8243; alignment=&#8221;center&#8221; onclick=&#8221;custom_link&#8221; link=&#8221;\/center\/nos-produits\/&#8221;][vc_column_text el_class=&#8221;box-vignette&#8221;]<\/p>\n<p><a class=\"title-white\" href=\"https:\/\/www.procurafrica.com\/center\/nos-produits\/\">Nos <span class=\"yellow\">produits<\/span><\/a><\/p>\n<p>[\/vc_column_text][\/vc_column][\/vc_row][vc_row parallax_speed=&#8221;5&#8243; parallax_x=&#8221;0&#8243; parallax_y=&#8221;0&#8243; css=&#8221;.vc_custom_1447235548580{padding-top: 20px !important;padding-bottom: 20px !important;background-color: #ffffff !important;}&#8221;][vc_column width=&#8221;1\/4&#8243;][vc_empty_space height=&#8221;19px&#8221;][vc_column_text]<\/p>\n<h4 class=\"no-margin-top\"><a style=\"color: #000;\" href=\"https:\/\/www.procurafrica.com\/center\/nos-marques\/\">NOS MARQUES<\/a><\/h4>\n<p>[\/vc_column_text][\/vc_column][vc_column width=&#8221;3\/4&#8243;][vc_images_carousel images=&#8221;1064,1065,1066,1067,1068,1069,1070,1071,1072,1073,1074,1075,1076,1077,1078,1079,1080,1081,1082,1083,1084,1085,1086,1087,1088,1089,1090,1091,1092,1093,1094,1095,1096,1097,1098,1099,1100,1342,1345,1382,1381,1380,1379,1375,1363,1351,1352,1364,1353,1354,1367,1355,1356,1368,1369,1357,1346,1370,1371,1359,1347,1360,1372,1373,1361,1374,1759,1758,1757,1756,1755,1754,1753,1752,1751,1750,1749,1747&#8243; img_size=&#8221;full&#8221; onclick=&#8221;custom_link&#8221; speed=&#8221;1000&#8243; slides_per_view=&#8221;4&#8243; autoplay=&#8221;yes&#8221; hide_pagination_control=&#8221;yes&#8221; hide_prev_next_buttons=&#8221;yes&#8221; wrap=&#8221;yes&#8221; custom_links=&#8221;\/center\/nos-marques\/,\/center\/nos-marques\/,\/center\/nos-marques\/,\/center\/nos-marques\/,\/center\/nos-marques\/,\/center\/nos-marques\/,\/center\/nos-marques\/,\/center\/nos-marques\/,\/center\/nos-marques\/,\/center\/nos-marques\/,\/center\/nos-marques\/,\/center\/nos-marques\/,\/center\/nos-marques\/,\/center\/nos-marques\/,\/center\/nos-marques\/,\/center\/nos-marques\/,\/center\/nos-marques\/,\/center\/nos-marques\/,\/center\/nos-marques\/,\/center\/nos-marques\/,\/center\/nos-marques\/,\/center\/nos-marques\/,\/center\/nos-marques\/,\/center\/nos-marques\/,\/center\/nos-marques\/,\/center\/nos-marques\/,\/center\/nos-marques\/,\/center\/nos-marques\/,\/center\/nos-marques\/,\/center\/nos-marques\/,\/center\/nos-marques\/,\/center\/nos-marques\/,\/center\/nos-marques\/,\/center\/nos-marques\/,\/center\/nos-marques\/,\/center\/nos-marques\/,\/center\/nos-marques\/,\/center\/nos-marques\/,\/center\/nos-marques\/,\/center\/nos-marques\/,\/center\/nos-marques\/,\/center\/nos-marques\/,\/center\/nos-marques\/,\/center\/nos-marques\/,\/center\/nos-marques\/,\/center\/nos-marques\/,\/center\/nos-marques\/,\/center\/nos-marques\/,\/center\/nos-marques\/,\/center\/nos-marques\/,\/center\/nos-marques\/,\/center\/nos-marques\/,\/center\/nos-marques\/,\/center\/nos-marques\/,\/center\/nos-marques\/,\/center\/nos-marques\/,\/center\/nos-marques\/,\/center\/nos-marques\/,\/center\/nos-marques\/,\/center\/nos-marques\/,\/center\/nos-marques\/,\/center\/nos-marques\/,\/center\/nos-marques\/,\/center\/nos-marques\/,\/center\/nos-marques\/,\/center\/nos-marques\/,\/center\/nos-marques\/,\/center\/nos-marques\/,\/center\/nos-marques\/,\/center\/nos-marques\/,\/center\/nos-marques\/,\/center\/nos-marques\/,\/center\/nos-marques\/,\/center\/nos-marques\/,\/center\/nos-marques\/&#8221;][\/vc_column][\/vc_row]<\/p>\n","protected":false},"excerpt":{"rendered":"<p>[vc_row width_100=&#8221;yes&#8221; parallax_speed=&#8221;5&#8243; parallax_x=&#8221;0&#8243; parallax_y=&#8221;0&#8243; el_class=&#8221;mobile_no_margin_bot&#8221;][vc_column][rev_slider_vc alias=&#8221;accueil&#8221;][\/vc_column][\/vc_row][vc_row parallax_speed=&#8221;5&#8243; parallax_x=&#8221;0&#8243; parallax_y=&#8221;0&#8243; css=&#8221;.vc_custom_1447235486274{background-color: #ffffff !important;}&#8221;][vc_column][vc_empty_space][vc_column_text el_class=&#8221;titre-h1&#8243;] Centrale d&#8217;achats pour l&#8217;Afrique Procurafrica : B\u00e2tisseuse de l\u2019Afrique industrielle [\/vc_column_text][vc_empty_space][vc_column_text] Procurafrica\u00ae est une centrale d&#8217;achats qui a pour objectif de fournir du mat\u00e9riel industriel et agricole de qualit\u00e9 \u00e0 nos partenaires en Afrique. En plus de la qualit\u00e9 reconnue de [&hellip;]<\/p>\n","protected":false},"author":1,"featured_media":0,"parent":0,"menu_order":1,"comment_status":"closed","ping_status":"closed","template":"templates\/template-fullwidth.php","meta":{"_links_to":"","_links_to_target":""},"_links":{"self":[{"href":"https:\/\/www.procurafrica.com\/center\/wp-json\/wp\/v2\/pages\/92"}],"collection":[{"href":"https:\/\/www.procurafrica.com\/center\/wp-json\/wp\/v2\/pages"}],"about":[{"href":"https:\/\/www.procurafrica.com\/center\/wp-json\/wp\/v2\/types\/page"}],"author":[{"embeddable":true,"href":"https:\/\/www.procurafrica.com\/center\/wp-json\/wp\/v2\/users\/1"}],"replies":[{"embeddable":true,"href":"https:\/\/www.procurafrica.com\/center\/wp-json\/wp\/v2\/comments?post=92"}],"version-history":[{"count":5,"href":"https:\/\/www.procurafrica.com\/center\/wp-json\/wp\/v2\/pages\/92\/revisions"}],"predecessor-version":[{"id":2277,"href":"https:\/\/www.procurafrica.com\/center\/wp-json\/wp\/v2\/pages\/92\/revisions\/2277"}],"wp:attachment":[{"href":"https:\/\/www.procurafrica.com\/center\/wp-json\/wp\/v2\/media?parent=92"}],"curies":[{"name":"wp","href":"https:\/\/api.w.org\/{rel}","templated":true}]}}